{"id":4707,"date":"2020-06-22T11:26:02","date_gmt":"2020-06-22T09:26:02","guid":{"rendered":"https:\/\/www.rausch-packaging.com\/blog\/?page_id=4707"},"modified":"2025-10-20T11:07:14","modified_gmt":"2025-10-20T09:07:14","slug":"impressum","status":"publish","type":"page","link":"https:\/\/www.rausch-packaging.com\/blog\/at\/impressum\/","title":{"rendered":"Impressum"},"content":{"rendered":"<div class=\"wpb-content-wrapper\"><p>[vc_row][vc_column][vc_column_text css=&#8220;&#8220;]<\/p>\n<h2>Impressum<\/h2>\n<h3>Offenlegung gem\u00e4\u00df ECG \u2013 RAUSCH Packaging \u2013<br \/>\nein Bereich der MEDEWO GmbH<\/h3>\n<p>RAUSCH Packaging ist ein Bereich der MEDEWO GmbH. Die MEDEWO GmbH ist eine Tochter der MEDEWO Holding AG mit Sitz in Meisterschwanden (CH). Gesch\u00e4ftsf\u00fchrung der MEDEWO GmbH in Wallern\/Trattnach (O\u00d6) ist:<\/p>\n<p><strong>Michael Villiger<\/strong><br \/>\nAnschrift der Gesch\u00e4ftsf\u00fchrung: siehe unten<\/p>\n<h3>Anschrift<\/h3>\n<p><strong>RAUSCH Packaging<br \/>\nein Bereich der MEDEWO GmbH<\/strong><br \/>\nGewerbepark Mauer 26<br \/>\n4702 Wallern<br \/>\n\u00d6sterreich<\/p>\n<h3>Kontakt<\/h3>\n<p>Tel: 07249 43000<\/p>\n<p>E-Mail: <a href=\"mailto:office@rausch-packaging.at\">office@rausch-packaging.at<\/a><br \/>\nInternet: <a href=\"https:\/\/www.rausch-packaging.com\/at\/\">https:\/\/www.rausch-packaging.com\/at\/<\/a><\/p>\n<p>B\u00fcrozeiten:<br \/>\nMo &#8211; Do von 7.00 &#8211; 17.30 Uhr<br \/>\nFr von 7.00 &#8211; 15.00 Uhr<\/p>\n<p><strong>Firmensitz:<\/strong> Wallern\/Trattnach (O\u00d6)<br \/>\n<strong>Rechtsform:<\/strong> GmbH<br \/>\n<strong>FB-Nr.:<\/strong> 380635 h, Landesgericht Wels<br \/>\n<strong>Umsatzsteuer ID:<\/strong> ATU67218049<\/p>\n<p><strong>Infos, Datenausk\u00fcnfte und Beschwerden richten Sie bitte an:<\/strong> <a href=\"mailto:office@rausch-packaging.at\">office@rausch-packaging.at<\/a><\/p>\n<table border=\"0\">\n<tbody>\n<tr>\n<td><strong>Fachgruppen:<\/strong><\/td>\n<td>Mitglied der WKO, Fachgruppe Handel<\/td>\n<\/tr>\n<tr>\n<td><strong>Aufsichtsbeh\u00f6rde:<\/strong><\/td>\n<td>BH Grieskirchen<\/td>\n<\/tr>\n<tr>\n<td><strong>Gewerberechtliche Vorschriften:<\/strong><\/td>\n<td>Gewerbeordnung (www.ris.bka.gv.at)<\/td>\n<\/tr>\n<tr>\n<td><strong>Unternehmensgegenstand:<\/strong><\/td>\n<td>Handel mit Verpackungsmaterial und Betriebseinrichtung<\/td>\n<\/tr>\n<tr>\n<td><strong>Gesch\u00e4ftsf\u00fchrerin:<\/strong><\/td>\n<td>Michael Villiger<\/td>\n<\/tr>\n<tr>\n<td><strong>Medieninhaber, Herausgeber, Verleger:<\/strong><\/td>\n<td>MEDEWO Holding AG,<br \/>\nCH-5616 Meisterschwanden<\/td>\n<\/tr>\n<tr>\n<td><strong>Freiwillige Verhaltensrichtlinien:<\/strong><\/td>\n<td><a href=\"https:\/\/www.guetezeichen.at\/unternehmen\/kriterien\" target=\"_blank\" rel=\"noopener noreferrer\">www.guetezeichen.at<\/a><\/td>\n<\/tr>\n<\/tbody>\n<\/table>\n<p>&nbsp;<\/p>\n<div class=\"content-separator\"><\/div>\n<p><strong>Haftungshinweise<\/strong><\/p>\n<p>Die aufbereiteten Informationen auf dieser Website werden mit gr\u00f6\u00dftm\u00f6glicher Sorgfalt erstellt und regelm\u00e4\u00dfig aktualisiert. Wir k\u00f6nnen jedoch keine Gew\u00e4hrleistung daf\u00fcr \u00fcbernehmen, dass alle Angaben jederzeit vollst\u00e4ndig und immer aktuell dargestellt sind. S\u00e4mtliche Inhalte k\u00f6nnen ohne Ank\u00fcndigung ge\u00e4ndert, erweitert oder entfernt werden.<\/p>\n<p><strong>Eigentumsrechte<\/strong><\/p>\n<p>S\u00e4mtliche auf dieser Website ver\u00f6ffentlichten Inhalte sind, soweit nicht anders vermerkt, unser Eigentum und d\u00fcrfen ohne unsere vorherige schriftliche Zustimmung nicht f\u00fcr andere Zwecke \u00fcbertragen, vervielf\u00e4ltigt oder ver\u00e4ndert oder auf andere Art und Weise benutzt werden. Wir weisen darauf hin, dass eine Verletzung unserer Urheber- oder sonstigen Schutzrechte zivil- und\/oder strafrechtliche Konsequenzen nach sich ziehen kann.<\/p>\n<p><strong>Externe Links<\/strong><\/p>\n<p>Auf dieser Webpr\u00e4senz befinden sich Verweise zu Webseiten anderer Anbieter. Wir erkl\u00e4ren ausdr\u00fccklich, dass wir keinerlei Einfluss auf die Gestaltung und die Inhalte der gelinkten Seiten haben. Daher \u00fcbernehmen wir keine Gew\u00e4hr f\u00fcr die Inhalte dieser Webseiten und eventuelle rechtswidrige Inhalte oder andere Rechtsverletzungen.[\/vc_column_text][\/vc_column][\/vc_row]<\/p>\n<\/div>","protected":false},"excerpt":{"rendered":"<p>[vc_row][vc_column][vc_column_text css=&#8220;&#8220;] Impressum Offenlegung gem\u00e4\u00df ECG \u2013 RAUSCH Packaging \u2013 ein Bereich der MEDEWO GmbH RAUSCH Packaging ist ein Bereich der MEDEWO GmbH. Die MEDEWO GmbH ist eine Tochter der MEDEWO Holding AG mit Sitz in Meisterschwanden (CH). Gesch\u00e4ftsf\u00fchrung der MEDEWO GmbH in Wallern\/Trattnach (O\u00d6) ist: Anschrift der Gesch\u00e4ftsf\u00fchrung: siehe unten Anschrift RAUSCH Packaging ein&hellip;<\/p>\n","protected":false},"author":1,"featured_media":0,"parent":0,"menu_order":0,"comment_status":"closed","ping_status":"closed","template":"","meta":{"footnotes":""},"class_list":["post-4707","page","type-page","status-publish","hentry","description-off"],"yoast_head":"<!-- This site is optimized with the Yoast SEO plugin v26.4 - https:\/\/yoast.com\/wordpress\/plugins\/seo\/ -->\n<title>Impressum - RAUSCH-Blog<\/title>\n<meta name=\"robots\" content=\"index, follow, max-snippet:-1, max-image-preview:large, max-video-preview:-1\" \/>\n<link rel=\"canonical\" href=\"https:\/\/www.rausch-packaging.com\/blog\/at\/impressum\/\" \/>\n<meta property=\"og:locale\" content=\"de_DE\" \/>\n<meta property=\"og:type\" content=\"article\" \/>\n<meta property=\"og:title\" content=\"Impressum - RAUSCH-Blog\" \/>\n<meta property=\"og:description\" content=\"[vc_row][vc_column][vc_column_text css=&#8220;&#8220;] Impressum Offenlegung gem\u00e4\u00df ECG \u2013 RAUSCH Packaging \u2013 ein Bereich der MEDEWO GmbH RAUSCH Packaging ist ein Bereich der MEDEWO GmbH. Die MEDEWO GmbH ist eine Tochter der MEDEWO Holding AG mit Sitz in Meisterschwanden (CH). Gesch\u00e4ftsf\u00fchrung der MEDEWO GmbH in Wallern\/Trattnach (O\u00d6) ist: Anschrift der Gesch\u00e4ftsf\u00fchrung: siehe unten Anschrift RAUSCH Packaging ein&hellip;\" \/>\n<meta property=\"og:url\" content=\"https:\/\/www.rausch-packaging.com\/blog\/at\/impressum\/\" \/>\n<meta property=\"og:site_name\" content=\"RAUSCH-Blog\" \/>\n<meta property=\"article:modified_time\" content=\"2025-10-20T09:07:14+00:00\" \/>\n<meta name=\"twitter:card\" content=\"summary_large_image\" \/>\n<meta name=\"twitter:label1\" content=\"Gesch\u00e4tzte Lesezeit\" \/>\n\t<meta name=\"twitter:data1\" content=\"2 Minuten\" \/>\n<script type=\"application\/ld+json\" class=\"yoast-schema-graph\">{\"@context\":\"https:\/\/schema.org\",\"@graph\":[{\"@type\":\"WebPage\",\"@id\":\"https:\/\/www.rausch-packaging.com\/blog\/at\/impressum\/\",\"url\":\"https:\/\/www.rausch-packaging.com\/blog\/at\/impressum\/\",\"name\":\"Impressum - RAUSCH-Blog\",\"isPartOf\":{\"@id\":\"https:\/\/www.rausch-packaging.com\/blog\/at\/#website\"},\"datePublished\":\"2020-06-22T09:26:02+00:00\",\"dateModified\":\"2025-10-20T09:07:14+00:00\",\"breadcrumb\":{\"@id\":\"https:\/\/www.rausch-packaging.com\/blog\/at\/impressum\/#breadcrumb\"},\"inLanguage\":\"de-AT\",\"potentialAction\":[{\"@type\":\"ReadAction\",\"target\":[\"https:\/\/www.rausch-packaging.com\/blog\/at\/impressum\/\"]}]},{\"@type\":\"BreadcrumbList\",\"@id\":\"https:\/\/www.rausch-packaging.com\/blog\/at\/impressum\/#breadcrumb\",\"itemListElement\":[{\"@type\":\"ListItem\",\"position\":1,\"name\":\"Startseite\",\"item\":\"https:\/\/www.rausch-packaging.com\/blog\/at\/\"},{\"@type\":\"ListItem\",\"position\":2,\"name\":\"Impressum\"}]},{\"@type\":\"WebSite\",\"@id\":\"https:\/\/www.rausch-packaging.com\/blog\/at\/#website\",\"url\":\"https:\/\/www.rausch-packaging.com\/blog\/at\/\",\"name\":\"RAUSCH-Blog\",\"description\":\"\",\"publisher\":{\"@id\":\"https:\/\/www.rausch-packaging.com\/blog\/at\/#organization\"},\"potentialAction\":[{\"@type\":\"SearchAction\",\"target\":{\"@type\":\"EntryPoint\",\"urlTemplate\":\"https:\/\/www.rausch-packaging.com\/blog\/at\/?s={search_term_string}\"},\"query-input\":{\"@type\":\"PropertyValueSpecification\",\"valueRequired\":true,\"valueName\":\"search_term_string\"}}],\"inLanguage\":\"de-AT\"},{\"@type\":\"Organization\",\"@id\":\"https:\/\/www.rausch-packaging.com\/blog\/at\/#organization\",\"name\":\"Rausch Verpackung\",\"url\":\"https:\/\/www.rausch-packaging.com\/blog\/at\/\",\"logo\":{\"@type\":\"ImageObject\",\"inLanguage\":\"de-AT\",\"@id\":\"https:\/\/www.rausch-packaging.com\/blog\/at\/#\/schema\/logo\/image\/\",\"url\":\"https:\/\/www.rausch-packaging.com\/blog\/wp-content\/uploads\/2022\/04\/rausch-logo.svg\",\"contentUrl\":\"https:\/\/www.rausch-packaging.com\/blog\/wp-content\/uploads\/2022\/04\/rausch-logo.svg\",\"width\":1,\"height\":1,\"caption\":\"Rausch Verpackung\"},\"image\":{\"@id\":\"https:\/\/www.rausch-packaging.com\/blog\/at\/#\/schema\/logo\/image\/\"}}]}<\/script>\n<!-- \/ Yoast SEO plugin. -->","yoast_head_json":{"title":"Impressum - RAUSCH-Blog","robots":{"index":"index","follow":"follow","max-snippet":"max-snippet:-1","max-image-preview":"max-image-preview:large","max-video-preview":"max-video-preview:-1"},"canonical":"https:\/\/www.rausch-packaging.com\/blog\/at\/impressum\/","og_locale":"de_DE","og_type":"article","og_title":"Impressum - RAUSCH-Blog","og_description":"[vc_row][vc_column][vc_column_text css=&#8220;&#8220;] Impressum Offenlegung gem\u00e4\u00df ECG \u2013 RAUSCH Packaging \u2013 ein Bereich der MEDEWO GmbH RAUSCH Packaging ist ein Bereich der MEDEWO GmbH. Die MEDEWO GmbH ist eine Tochter der MEDEWO Holding AG mit Sitz in Meisterschwanden (CH). Gesch\u00e4ftsf\u00fchrung der MEDEWO GmbH in Wallern\/Trattnach (O\u00d6) ist: Anschrift der Gesch\u00e4ftsf\u00fchrung: siehe unten Anschrift RAUSCH Packaging ein&hellip;","og_url":"https:\/\/www.rausch-packaging.com\/blog\/at\/impressum\/","og_site_name":"RAUSCH-Blog","article_modified_time":"2025-10-20T09:07:14+00:00","twitter_card":"summary_large_image","twitter_misc":{"Gesch\u00e4tzte Lesezeit":"2 Minuten"},"schema":{"@context":"https:\/\/schema.org","@graph":[{"@type":"WebPage","@id":"https:\/\/www.rausch-packaging.com\/blog\/at\/impressum\/","url":"https:\/\/www.rausch-packaging.com\/blog\/at\/impressum\/","name":"Impressum - RAUSCH-Blog","isPartOf":{"@id":"https:\/\/www.rausch-packaging.com\/blog\/at\/#website"},"datePublished":"2020-06-22T09:26:02+00:00","dateModified":"2025-10-20T09:07:14+00:00","breadcrumb":{"@id":"https:\/\/www.rausch-packaging.com\/blog\/at\/impressum\/#breadcrumb"},"inLanguage":"de-AT","potentialAction":[{"@type":"ReadAction","target":["https:\/\/www.rausch-packaging.com\/blog\/at\/impressum\/"]}]},{"@type":"BreadcrumbList","@id":"https:\/\/www.rausch-packaging.com\/blog\/at\/impressum\/#breadcrumb","itemListElement":[{"@type":"ListItem","position":1,"name":"Startseite","item":"https:\/\/www.rausch-packaging.com\/blog\/at\/"},{"@type":"ListItem","position":2,"name":"Impressum"}]},{"@type":"WebSite","@id":"https:\/\/www.rausch-packaging.com\/blog\/at\/#website","url":"https:\/\/www.rausch-packaging.com\/blog\/at\/","name":"RAUSCH-Blog","description":"","publisher":{"@id":"https:\/\/www.rausch-packaging.com\/blog\/at\/#organization"},"potentialAction":[{"@type":"SearchAction","target":{"@type":"EntryPoint","urlTemplate":"https:\/\/www.rausch-packaging.com\/blog\/at\/?s={search_term_string}"},"query-input":{"@type":"PropertyValueSpecification","valueRequired":true,"valueName":"search_term_string"}}],"inLanguage":"de-AT"},{"@type":"Organization","@id":"https:\/\/www.rausch-packaging.com\/blog\/at\/#organization","name":"Rausch Verpackung","url":"https:\/\/www.rausch-packaging.com\/blog\/at\/","logo":{"@type":"ImageObject","inLanguage":"de-AT","@id":"https:\/\/www.rausch-packaging.com\/blog\/at\/#\/schema\/logo\/image\/","url":"https:\/\/www.rausch-packaging.com\/blog\/wp-content\/uploads\/2022\/04\/rausch-logo.svg","contentUrl":"https:\/\/www.rausch-packaging.com\/blog\/wp-content\/uploads\/2022\/04\/rausch-logo.svg","width":1,"height":1,"caption":"Rausch Verpackung"},"image":{"@id":"https:\/\/www.rausch-packaging.com\/blog\/at\/#\/schema\/logo\/image\/"}}]}},"_links":{"self":[{"href":"https:\/\/www.rausch-packaging.com\/blog\/at\/wp-json\/wp\/v2\/pages\/4707","targetHints":{"allow":["GET"]}}],"collection":[{"href":"https:\/\/www.rausch-packaging.com\/blog\/at\/wp-json\/wp\/v2\/pages"}],"about":[{"href":"https:\/\/www.rausch-packaging.com\/blog\/at\/wp-json\/wp\/v2\/types\/page"}],"author":[{"embeddable":true,"href":"https:\/\/www.rausch-packaging.com\/blog\/at\/wp-json\/wp\/v2\/users\/1"}],"replies":[{"embeddable":true,"href":"https:\/\/www.rausch-packaging.com\/blog\/at\/wp-json\/wp\/v2\/comments?post=4707"}],"version-history":[{"count":11,"href":"https:\/\/www.rausch-packaging.com\/blog\/at\/wp-json\/wp\/v2\/pages\/4707\/revisions"}],"predecessor-version":[{"id":18853,"href":"https:\/\/www.rausch-packaging.com\/blog\/at\/wp-json\/wp\/v2\/pages\/4707\/revisions\/18853"}],"wp:attachment":[{"href":"https:\/\/www.rausch-packaging.com\/blog\/at\/wp-json\/wp\/v2\/media?parent=4707"}],"curies":[{"name":"wp","href":"https:\/\/api.w.org\/{rel}","templated":true}]}}