{"id":9140,"date":"2022-03-07T15:31:01","date_gmt":"2022-03-07T14:31:01","guid":{"rendered":"https:\/\/www.rausch-packaging.com\/blog\/?page_id=9140"},"modified":"2025-10-20T14:01:06","modified_gmt":"2025-10-20T12:01:06","slug":"kataloge","status":"publish","type":"page","link":"https:\/\/www.rausch-packaging.com\/blog\/at\/kataloge\/","title":{"rendered":"E-Books &#038; Kataloge"},"content":{"rendered":"<div class=\"wpb-content-wrapper\"><p>[vc_row][vc_column width=&#8220;2\/3&#8243;]<div id=\"ultimate-heading-88146934ac550d331\" class=\"uvc-heading ult-adjust-bottom-margin ultimate-heading-88146934ac550d331 uvc-9165 \" data-hspacer=\"no_spacer\"  data-halign=\"left\" style=\"text-align:left\"><div class=\"uvc-heading-spacer no_spacer\" style=\"top\"><\/div><div class=\"uvc-main-heading ult-responsive\"  data-ultimate-target='.uvc-heading.ultimate-heading-88146934ac550d331 h1'  data-responsive-json-new='{\"font-size\":\"desktop:40px;mobile:25px;\",\"line-height\":\"\"}' ><h1 style=\"--font-weight:theme;margin-bottom:20px;\">E-Books und Kataloge<\/h1><\/div><\/div>[vc_empty_space height=&#8220;15px&#8220;][vc_column_text css=&#8220;&#8220;]Sie interessieren sich f\u00fcr das Verpacken von Lebensmitteln und st\u00f6bern gerne durch digitale PDFs oder Bl\u00e4tterkataloge? Dann sind Sie bei uns genau richtig!<\/p>\n<ul>\n<li><a href=\"#ebooks\">E-Books &amp; Whitepaper \u2193<\/a><\/li>\n<li><a href=\"#kataloge\">Spezialkataloge \u2193<\/a><\/li>\n<\/ul>\n<p>[\/vc_column_text][\/vc_column][vc_column width=&#8220;1\/3&#8243;][vc_single_image image=&#8220;18705&#8243; img_size=&#8220;medium&#8220; alignment=&#8220;center&#8220; css=&#8220;.vc_custom_1756123558993{margin-top: 25px !important;}&#8220;][\/vc_column][\/vc_row][vc_row el_id=&#8220;ebooks&#8220;][vc_column][vc_empty_space height=&#8220;50px&#8220;][vc_separator][vc_empty_space height=&#8220;50px&#8220;][vc_row_inner][vc_column_inner]<div id=\"ultimate-heading-17816934ac550d38f\" class=\"uvc-heading ult-adjust-bottom-margin ultimate-heading-17816934ac550d38f uvc-7491  uvc-heading-default-font-sizes\" data-hspacer=\"no_spacer\"  data-halign=\"left\" style=\"text-align:left\"><div class=\"uvc-heading-spacer no_spacer\" style=\"top\"><\/div><div class=\"uvc-main-heading ult-responsive\"  data-ultimate-target='.uvc-heading.ultimate-heading-17816934ac550d38f h2'  data-responsive-json-new='{\"font-size\":\"\",\"line-height\":\"\"}' ><h2 style=\"--font-weight:theme;margin-bottom:20px;\">E-Books &amp; Whitepaper<\/h2><\/div><\/div>[vc_column_text]Regelm\u00e4\u00dfig fassen wir wichtige Themen und relevante Informationen zu E-Books, Whitepaper oder Ratgebern zusammen und ver\u00f6ffentlichen diese in digitaler Form. Wir teilen unser Wissen gern mit anderen und deswegen k\u00f6nnen Sie die E-Books &amp; Co. kostenlos herunterladen.[\/vc_column_text][vc_empty_space height=&#8220;25px&#8220;][vc_raw_html]JTVCcHRfdmlldyUyMGlkJTNEJTIyMjUyNTY2ZGg0cyUyMiU1RA==[\/vc_raw_html][vc_empty_space height=&#8220;50px&#8220;][\/vc_column_inner][\/vc_row_inner][vc_separator][\/vc_column][\/vc_row][vc_row el_id=&#8220;kataloge&#8220;][vc_column][vc_row_inner][vc_column_inner][vc_empty_space height=&#8220;50px&#8220;]<div id=\"ultimate-heading-14696934ac550d3d6\" class=\"uvc-heading ult-adjust-bottom-margin ultimate-heading-14696934ac550d3d6 uvc-4084  uvc-heading-default-font-sizes\" data-hspacer=\"no_spacer\"  data-halign=\"left\" style=\"text-align:left\"><div class=\"uvc-heading-spacer no_spacer\" style=\"top\"><\/div><div class=\"uvc-main-heading ult-responsive\"  data-ultimate-target='.uvc-heading.ultimate-heading-14696934ac550d3d6 h2'  data-responsive-json-new='{\"font-size\":\"\",\"line-height\":\"\"}' ><h2 style=\"--font-weight:theme;margin-bottom:20px;\">Spezialkataloge von RAUSCH<\/h2><\/div><\/div>[vc_column_text]Mehrmals im Jahr erweitern wir unser Sortiment oder setzen bestimmte, aktuell relevante Produkte f\u00fcr Sie in Szene. In unseren Spezialkatalogen fassen wir dies f\u00fcr Sie zusammen, damit Sie immer \u00fcber die aktuellsten Produkte und Trends informiert sind.<\/p>\n<p>Sie m\u00f6chten unsere Spezialkataloge gerne regelm\u00e4\u00dfig in gedruckter Form postalisch erhalten? Kein Problem &#8211; <a href=\"https:\/\/www.rausch-packaging.com\/blog\/at\/kontakt\/\">schreiben Sie uns einfach eine kurze Nachricht<\/a> inkl. Angabe Ihrer Kontaktdaten und wir nehmen Sie in unseren Verteiler auf.[\/vc_column_text][vc_empty_space height=&#8220;25px&#8220;][vc_raw_html]JTVCcHRfdmlldyUyMGlkJTNEJTIyN2FiNDdiNjhzMSUyMiU1RA==[\/vc_raw_html][\/vc_column_inner][\/vc_row_inner][\/vc_column][\/vc_row][vc_row disable_element=&#8220;yes&#8220; el_id=&#8220;hauptkatalog&#8220;][vc_column][vc_empty_space height=&#8220;50px&#8220;][vc_separator][vc_empty_space height=&#8220;50px&#8220;]<div id=\"ultimate-heading-65996934ac550d406\" class=\"uvc-heading ult-adjust-bottom-margin ultimate-heading-65996934ac550d406 uvc-7034  uvc-heading-default-font-sizes\" data-hspacer=\"no_spacer\"  data-halign=\"left\" style=\"text-align:left\"><div class=\"uvc-heading-spacer no_spacer\" style=\"top\"><\/div><div class=\"uvc-main-heading ult-responsive\"  data-ultimate-target='.uvc-heading.ultimate-heading-65996934ac550d406 h2'  data-responsive-json-new='{\"font-size\":\"\",\"line-height\":\"\"}' ><h2 style=\"--font-weight:theme;margin-bottom:25px;\">RAUSCH Hauptkatalog<\/h2><\/div><\/div>[\/vc_column][\/vc_row][vc_row disable_element=&#8220;yes&#8220;][vc_column width=&#8220;2\/5&#8243;][vc_single_image image=&#8220;6552&#8243; img_size=&#8220;full&#8220; alignment=&#8220;center&#8220; css=&#8220;.vc_custom_1647266322321{margin-bottom: 10px !important;border-bottom-width: 10px !important;padding-bottom: 10px !important;}&#8220;][\/vc_column][vc_column width=&#8220;3\/5&#8243;][vc_column_text]<\/p>\n<h3>Entdecken Sie unser gesamtes Sortiment in unserem Hauptkatalog 2021\/22<\/h3>\n<ul>\n<li>2.700 Artikel ab Lager sofort verf\u00fcgbar \u2013 Lieferung in 24 h<\/li>\n<li>davon 1.300 nachhaltig oder ressourcenschonend<\/li>\n<li>360 Neuheiten<\/li>\n<li>Inspirationen f\u00fcr erfolgreiche, individuelle Verpackungen nach Ihren W\u00fcnschen<\/li>\n<li>24 Ratgeberthemen mit praktischem Wissen<\/li>\n<\/ul>\n<p>[\/vc_column_text]<style type=\"text\/css\" data-type=\"the7_shortcodes-inline-css\">#default-btn-6f47dcdbb84305580f0c2cd693d98ba8.ico-right-side > i {\n  margin-right: 0px;\n  margin-left: 8px;\n}\n#default-btn-6f47dcdbb84305580f0c2cd693d98ba8 > i {\n  margin-right: 8px;\n}<\/style><a href=\"https:\/\/www.rausch-packaging.com\/at\/hauptkatalog-lebensmittelverpackungen\" class=\"default-btn-shortcode dt-btn dt-btn-s link-hover-off btn-inline-left  vc_custom_1647263335273\" target=\"_blank\" id=\"default-btn-6f47dcdbb84305580f0c2cd693d98ba8\" title=\"zum RAUSCH Hauptkatalog\" rel=\"noopener\"><span>Jetzt Hauptkatalog kostenlos anfordern<\/span><\/a>[vc_column_text]oder <a href=\"https:\/\/www.rausch-packaging.com\/at\/hauptkatalog-lebensmittelverpackungen\" target=\"_blank\">online durchbl\u00e4ttern<\/a>[\/vc_column_text][vc_empty_space height=&#8220;50px&#8220;][\/vc_column][\/vc_row][vc_row][vc_column][vc_single_image image=&#8220;1022&#8243; el_class=&#8220;infobox-badge&#8220;][vc_cta h2=&#8220;&#8220; css=&#8220;.vc_custom_1647263570520{margin-top: 20px !important;margin-bottom: 15px !important;padding-top: 30px !important;padding-right: 30px !important;padding-bottom: 30px !important;padding-left: 100px !important;background-color: #eaeaea !important;}&#8220;]<strong>Sie w\u00fcnschen sich eine fachkundige Beratung?<br \/>\n<\/strong><\/p>\n<p>Seit \u00fcber 40 Jahren beraten wir Gastronomen, Kantinen, B\u00e4cker, Caterer und viele andere Branchen rund um das Thema Lebensmittelverpackungen.<\/p>\n<p>Gemeinsam finden wir die ideale Verpackung f\u00fcr Sie!<\/p>\n<p>&nbsp;<\/p>\n<p><a href=\"\/blog\/at\/kontakt\/\"><button class=\"dt-btn-s dt-btn post-details details-type-btn white-btn\" style=\"margin-right: 10px;\">Kontakt aufnehmen<\/button><\/a> oder rufen Sie uns an unter\u00a0 phone-link[\/vc_cta][\/vc_column][\/vc_row][vc_column width=&#8220;2\/3&#8243;][\/vc_column]<\/p>\n<\/div>","protected":false},"excerpt":{"rendered":"<p>[vc_row][vc_column width=&#8220;2\/3&#8243;][vc_empty_space height=&#8220;15px&#8220;][vc_column_text css=&#8220;&#8220;]Sie interessieren sich f\u00fcr das Verpacken von Lebensmitteln und st\u00f6bern gerne durch digitale PDFs oder Bl\u00e4tterkataloge? Dann sind Sie bei uns genau richtig! E-Books &amp; Whitepaper \u2193 Spezialkataloge \u2193 [\/vc_column_text][\/vc_column][vc_column width=&#8220;1\/3&#8243;][vc_single_image image=&#8220;18705&#8243; img_size=&#8220;medium&#8220; alignment=&#8220;center&#8220; css=&#8220;.vc_custom_1756123558993{margin-top: 25px !important;}&#8220;][\/vc_column][\/vc_row][vc_row el_id=&#8220;ebooks&#8220;][vc_column][vc_empty_space height=&#8220;50px&#8220;][vc_separator][vc_empty_space height=&#8220;50px&#8220;][vc_row_inner][vc_column_inner][vc_column_text]Regelm\u00e4\u00dfig fassen wir wichtige Themen und relevante Informationen zu E-Books, Whitepaper oder Ratgebern&hellip;<\/p>\n","protected":false},"author":12,"featured_media":6490,"parent":0,"menu_order":0,"comment_status":"closed","ping_status":"closed","template":"","meta":{"footnotes":""},"class_list":["post-9140","page","type-page","status-publish","has-post-thumbnail","hentry","description-off"],"yoast_head":"<!-- This site is optimized with the Yoast SEO plugin v26.4 - https:\/\/yoast.com\/wordpress\/plugins\/seo\/ -->\n<title>E-Books &amp; Kataloge f\u00fcr das Verpacken von Lebensmitteln - RAUSCH-Blog<\/title>\n<meta name=\"description\" content=\"Sie interessieren sich f\u00fcr das Verpacken von Lebensmitteln und st\u00f6bern gerne durch digitale PDFs oder Bl\u00e4tterkataloge? Dann sind Sie bei RAUSCH genau richtig!\" \/>\n<meta name=\"robots\" content=\"index, follow, max-snippet:-1, max-image-preview:large, max-video-preview:-1\" \/>\n<link rel=\"canonical\" href=\"https:\/\/www.rausch-packaging.com\/blog\/at\/kataloge\/\" \/>\n<meta property=\"og:locale\" content=\"de_DE\" \/>\n<meta property=\"og:type\" content=\"article\" \/>\n<meta property=\"og:title\" content=\"E-Books &amp; Kataloge f\u00fcr das Verpacken von Lebensmitteln - RAUSCH-Blog\" \/>\n<meta property=\"og:description\" content=\"Sie interessieren sich f\u00fcr das Verpacken von Lebensmitteln und st\u00f6bern gerne durch digitale PDFs oder Bl\u00e4tterkataloge? Dann sind Sie bei RAUSCH genau richtig!\" \/>\n<meta property=\"og:url\" content=\"https:\/\/www.rausch-packaging.com\/blog\/at\/kataloge\/\" \/>\n<meta property=\"og:site_name\" content=\"RAUSCH-Blog\" \/>\n<meta property=\"article:modified_time\" content=\"2025-10-20T12:01:06+00:00\" \/>\n<meta property=\"og:image\" content=\"https:\/\/www.rausch-packaging.com\/blog\/wp-content\/uploads\/2021\/03\/hb_neuer-hauptkatalog-rausch.jpg\" \/>\n\t<meta property=\"og:image:width\" content=\"840\" \/>\n\t<meta property=\"og:image:height\" content=\"559\" \/>\n\t<meta property=\"og:image:type\" content=\"image\/jpeg\" \/>\n<meta name=\"twitter:card\" content=\"summary_large_image\" \/>\n<meta name=\"twitter:label1\" content=\"Gesch\u00e4tzte Lesezeit\" \/>\n\t<meta name=\"twitter:data1\" content=\"3 Minuten\" \/>\n<script type=\"application\/ld+json\" class=\"yoast-schema-graph\">{\"@context\":\"https:\/\/schema.org\",\"@graph\":[{\"@type\":\"WebPage\",\"@id\":\"https:\/\/www.rausch-packaging.com\/blog\/at\/kataloge\/\",\"url\":\"https:\/\/www.rausch-packaging.com\/blog\/at\/kataloge\/\",\"name\":\"E-Books & Kataloge f\u00fcr das Verpacken von Lebensmitteln - RAUSCH-Blog\",\"isPartOf\":{\"@id\":\"https:\/\/www.rausch-packaging.com\/blog\/at\/#website\"},\"primaryImageOfPage\":{\"@id\":\"https:\/\/www.rausch-packaging.com\/blog\/at\/kataloge\/#primaryimage\"},\"image\":{\"@id\":\"https:\/\/www.rausch-packaging.com\/blog\/at\/kataloge\/#primaryimage\"},\"thumbnailUrl\":\"https:\/\/www.rausch-packaging.com\/blog\/wp-content\/uploads\/2021\/03\/hb_neuer-hauptkatalog-rausch.jpg\",\"datePublished\":\"2022-03-07T14:31:01+00:00\",\"dateModified\":\"2025-10-20T12:01:06+00:00\",\"description\":\"Sie interessieren sich f\u00fcr das Verpacken von Lebensmitteln und st\u00f6bern gerne durch digitale PDFs oder Bl\u00e4tterkataloge? Dann sind Sie bei RAUSCH genau richtig!\",\"breadcrumb\":{\"@id\":\"https:\/\/www.rausch-packaging.com\/blog\/at\/kataloge\/#breadcrumb\"},\"inLanguage\":\"de-AT\",\"potentialAction\":[{\"@type\":\"ReadAction\",\"target\":[\"https:\/\/www.rausch-packaging.com\/blog\/at\/kataloge\/\"]}]},{\"@type\":\"ImageObject\",\"inLanguage\":\"de-AT\",\"@id\":\"https:\/\/www.rausch-packaging.com\/blog\/at\/kataloge\/#primaryimage\",\"url\":\"https:\/\/www.rausch-packaging.com\/blog\/wp-content\/uploads\/2021\/03\/hb_neuer-hauptkatalog-rausch.jpg\",\"contentUrl\":\"https:\/\/www.rausch-packaging.com\/blog\/wp-content\/uploads\/2021\/03\/hb_neuer-hauptkatalog-rausch.jpg\",\"width\":840,\"height\":559,\"caption\":\"Der neue RAUSCH-Katalog\"},{\"@type\":\"BreadcrumbList\",\"@id\":\"https:\/\/www.rausch-packaging.com\/blog\/at\/kataloge\/#breadcrumb\",\"itemListElement\":[{\"@type\":\"ListItem\",\"position\":1,\"name\":\"Startseite\",\"item\":\"https:\/\/www.rausch-packaging.com\/blog\/at\/\"},{\"@type\":\"ListItem\",\"position\":2,\"name\":\"E-Books &#038; Kataloge\"}]},{\"@type\":\"WebSite\",\"@id\":\"https:\/\/www.rausch-packaging.com\/blog\/at\/#website\",\"url\":\"https:\/\/www.rausch-packaging.com\/blog\/at\/\",\"name\":\"RAUSCH-Blog\",\"description\":\"\",\"publisher\":{\"@id\":\"https:\/\/www.rausch-packaging.com\/blog\/at\/#organization\"},\"potentialAction\":[{\"@type\":\"SearchAction\",\"target\":{\"@type\":\"EntryPoint\",\"urlTemplate\":\"https:\/\/www.rausch-packaging.com\/blog\/at\/?s={search_term_string}\"},\"query-input\":{\"@type\":\"PropertyValueSpecification\",\"valueRequired\":true,\"valueName\":\"search_term_string\"}}],\"inLanguage\":\"de-AT\"},{\"@type\":\"Organization\",\"@id\":\"https:\/\/www.rausch-packaging.com\/blog\/at\/#organization\",\"name\":\"Rausch Verpackung\",\"url\":\"https:\/\/www.rausch-packaging.com\/blog\/at\/\",\"logo\":{\"@type\":\"ImageObject\",\"inLanguage\":\"de-AT\",\"@id\":\"https:\/\/www.rausch-packaging.com\/blog\/at\/#\/schema\/logo\/image\/\",\"url\":\"https:\/\/www.rausch-packaging.com\/blog\/wp-content\/uploads\/2022\/04\/rausch-logo.svg\",\"contentUrl\":\"https:\/\/www.rausch-packaging.com\/blog\/wp-content\/uploads\/2022\/04\/rausch-logo.svg\",\"width\":1,\"height\":1,\"caption\":\"Rausch Verpackung\"},\"image\":{\"@id\":\"https:\/\/www.rausch-packaging.com\/blog\/at\/#\/schema\/logo\/image\/\"}}]}<\/script>\n<!-- \/ Yoast SEO plugin. -->","yoast_head_json":{"title":"E-Books & Kataloge f\u00fcr das Verpacken von Lebensmitteln - RAUSCH-Blog","description":"Sie interessieren sich f\u00fcr das Verpacken von Lebensmitteln und st\u00f6bern gerne durch digitale PDFs oder Bl\u00e4tterkataloge? Dann sind Sie bei RAUSCH genau richtig!","robots":{"index":"index","follow":"follow","max-snippet":"max-snippet:-1","max-image-preview":"max-image-preview:large","max-video-preview":"max-video-preview:-1"},"canonical":"https:\/\/www.rausch-packaging.com\/blog\/at\/kataloge\/","og_locale":"de_DE","og_type":"article","og_title":"E-Books & Kataloge f\u00fcr das Verpacken von Lebensmitteln - RAUSCH-Blog","og_description":"Sie interessieren sich f\u00fcr das Verpacken von Lebensmitteln und st\u00f6bern gerne durch digitale PDFs oder Bl\u00e4tterkataloge? Dann sind Sie bei RAUSCH genau richtig!","og_url":"https:\/\/www.rausch-packaging.com\/blog\/at\/kataloge\/","og_site_name":"RAUSCH-Blog","article_modified_time":"2025-10-20T12:01:06+00:00","og_image":[{"width":840,"height":559,"url":"https:\/\/www.rausch-packaging.com\/blog\/wp-content\/uploads\/2021\/03\/hb_neuer-hauptkatalog-rausch.jpg","type":"image\/jpeg"}],"twitter_card":"summary_large_image","twitter_misc":{"Gesch\u00e4tzte Lesezeit":"3 Minuten"},"schema":{"@context":"https:\/\/schema.org","@graph":[{"@type":"WebPage","@id":"https:\/\/www.rausch-packaging.com\/blog\/at\/kataloge\/","url":"https:\/\/www.rausch-packaging.com\/blog\/at\/kataloge\/","name":"E-Books & Kataloge f\u00fcr das Verpacken von Lebensmitteln - RAUSCH-Blog","isPartOf":{"@id":"https:\/\/www.rausch-packaging.com\/blog\/at\/#website"},"primaryImageOfPage":{"@id":"https:\/\/www.rausch-packaging.com\/blog\/at\/kataloge\/#primaryimage"},"image":{"@id":"https:\/\/www.rausch-packaging.com\/blog\/at\/kataloge\/#primaryimage"},"thumbnailUrl":"https:\/\/www.rausch-packaging.com\/blog\/wp-content\/uploads\/2021\/03\/hb_neuer-hauptkatalog-rausch.jpg","datePublished":"2022-03-07T14:31:01+00:00","dateModified":"2025-10-20T12:01:06+00:00","description":"Sie interessieren sich f\u00fcr das Verpacken von Lebensmitteln und st\u00f6bern gerne durch digitale PDFs oder Bl\u00e4tterkataloge? Dann sind Sie bei RAUSCH genau richtig!","breadcrumb":{"@id":"https:\/\/www.rausch-packaging.com\/blog\/at\/kataloge\/#breadcrumb"},"inLanguage":"de-AT","potentialAction":[{"@type":"ReadAction","target":["https:\/\/www.rausch-packaging.com\/blog\/at\/kataloge\/"]}]},{"@type":"ImageObject","inLanguage":"de-AT","@id":"https:\/\/www.rausch-packaging.com\/blog\/at\/kataloge\/#primaryimage","url":"https:\/\/www.rausch-packaging.com\/blog\/wp-content\/uploads\/2021\/03\/hb_neuer-hauptkatalog-rausch.jpg","contentUrl":"https:\/\/www.rausch-packaging.com\/blog\/wp-content\/uploads\/2021\/03\/hb_neuer-hauptkatalog-rausch.jpg","width":840,"height":559,"caption":"Der neue RAUSCH-Katalog"},{"@type":"BreadcrumbList","@id":"https:\/\/www.rausch-packaging.com\/blog\/at\/kataloge\/#breadcrumb","itemListElement":[{"@type":"ListItem","position":1,"name":"Startseite","item":"https:\/\/www.rausch-packaging.com\/blog\/at\/"},{"@type":"ListItem","position":2,"name":"E-Books &#038; Kataloge"}]},{"@type":"WebSite","@id":"https:\/\/www.rausch-packaging.com\/blog\/at\/#website","url":"https:\/\/www.rausch-packaging.com\/blog\/at\/","name":"RAUSCH-Blog","description":"","publisher":{"@id":"https:\/\/www.rausch-packaging.com\/blog\/at\/#organization"},"potentialAction":[{"@type":"SearchAction","target":{"@type":"EntryPoint","urlTemplate":"https:\/\/www.rausch-packaging.com\/blog\/at\/?s={search_term_string}"},"query-input":{"@type":"PropertyValueSpecification","valueRequired":true,"valueName":"search_term_string"}}],"inLanguage":"de-AT"},{"@type":"Organization","@id":"https:\/\/www.rausch-packaging.com\/blog\/at\/#organization","name":"Rausch Verpackung","url":"https:\/\/www.rausch-packaging.com\/blog\/at\/","logo":{"@type":"ImageObject","inLanguage":"de-AT","@id":"https:\/\/www.rausch-packaging.com\/blog\/at\/#\/schema\/logo\/image\/","url":"https:\/\/www.rausch-packaging.com\/blog\/wp-content\/uploads\/2022\/04\/rausch-logo.svg","contentUrl":"https:\/\/www.rausch-packaging.com\/blog\/wp-content\/uploads\/2022\/04\/rausch-logo.svg","width":1,"height":1,"caption":"Rausch Verpackung"},"image":{"@id":"https:\/\/www.rausch-packaging.com\/blog\/at\/#\/schema\/logo\/image\/"}}]}},"_links":{"self":[{"href":"https:\/\/www.rausch-packaging.com\/blog\/at\/wp-json\/wp\/v2\/pages\/9140","targetHints":{"allow":["GET"]}}],"collection":[{"href":"https:\/\/www.rausch-packaging.com\/blog\/at\/wp-json\/wp\/v2\/pages"}],"about":[{"href":"https:\/\/www.rausch-packaging.com\/blog\/at\/wp-json\/wp\/v2\/types\/page"}],"author":[{"embeddable":true,"href":"https:\/\/www.rausch-packaging.com\/blog\/at\/wp-json\/wp\/v2\/users\/12"}],"replies":[{"embeddable":true,"href":"https:\/\/www.rausch-packaging.com\/blog\/at\/wp-json\/wp\/v2\/comments?post=9140"}],"version-history":[{"count":8,"href":"https:\/\/www.rausch-packaging.com\/blog\/at\/wp-json\/wp\/v2\/pages\/9140\/revisions"}],"predecessor-version":[{"id":18860,"href":"https:\/\/www.rausch-packaging.com\/blog\/at\/wp-json\/wp\/v2\/pages\/9140\/revisions\/18860"}],"wp:featuredmedia":[{"embeddable":true,"href":"https:\/\/www.rausch-packaging.com\/blog\/at\/wp-json\/wp\/v2\/media\/6490"}],"wp:attachment":[{"href":"https:\/\/www.rausch-packaging.com\/blog\/at\/wp-json\/wp\/v2\/media?parent=9140"}],"curies":[{"name":"wp","href":"https:\/\/api.w.org\/{rel}","templated":true}]}}