{"id":4709,"date":"2020-06-22T11:26:25","date_gmt":"2020-06-22T09:26:25","guid":{"rendered":"https:\/\/www.rausch-packaging.com\/blog\/?page_id=4709"},"modified":"2025-10-20T11:09:27","modified_gmt":"2025-10-20T09:09:27","slug":"impressum","status":"publish","type":"page","link":"https:\/\/www.rausch-packaging.com\/blog\/ch_de\/impressum\/","title":{"rendered":"Impressum"},"content":{"rendered":"<div class=\"wpb-content-wrapper\"><p>[vc_row][vc_column][vc_column_text css=&#187;&#187;]<\/p>\n<h2>Impressum<\/h2>\n<h3>RAUSCH Packaging<br \/>\nEin Bereich der MEDEWO AG<\/h3>\n<p>RAUSCH Packaging ist ein Bereich der MEDEWO AG. Die MEDEWO AG ist eine Tochter der MEDEWO Holding AG mit Sitz in Meisterschwanden (CH). Gesch\u00e4ftsf\u00fchrung der MEDEWO AG in Meisterschwanden ist:<\/p>\n<p><strong>Michael Villiger, <\/strong><\/p>\n<p><strong>Gesch\u00e4ftsf\u00fchrung MEDEWO-Gruppe <\/strong><\/p>\n<h3>Anschrift<\/h3>\n<p><strong>RAUSCH Packaging<br \/>\nEin Bereich der MEDEWO AG<\/strong><br \/>\nIndustriestrasse 1a<br \/>\n5616 Meisterschwanden<br \/>\nSchweiz<\/p>\n<h3>Kontakt<\/h3>\n<p>T. 056 676 72 72<\/p>\n<p>E-Mail: <a href=\"mailto:office@rausch-packaging.ch\">office@rausch-packaging.ch<\/a><br \/>\nInternet: <a href=\"https:\/\/www.rausch-packaging.com\/ch_de\/\">https:\/\/www.rausch-packaging.com\/ch_de\/<\/a><\/p>\n<p>B\u00fcrozeiten:<br \/>\nMo &#8211; Fr von 7.30 &#8211; 17.30 Uhr<\/p>\n<p>Handelsregister: Kanton Aargau\u00a0CH-400.3.021.570-1<br \/>\nUmsatzsteuer ID: CHE-222.046.980 MWST<br \/>\nMwSt.-Nr.: 495 316<br \/>\nMichael Villiger, Gesch\u00e4ftsf\u00fchrung MEDEWO-Gruppe<\/p>\n<p><strong>Infos, Datenausk\u00fcnfte und Beschwerden richten Sie bitte an:<\/strong> <a href=\"mailto:office@rausch-packaging.ch\">office@rausch-packaging.ch<\/a><\/p>\n<p><strong>Freiwillige Verhaltensrichtlinien:<\/strong> <a href=\"https:\/\/www.guetezeichen.at\/unternehmen\/kriterien\" target=\"_blank\" rel=\"noopener noreferrer\">www.guetezeichen.at<\/a><\/p>\n<div class=\"content-separator\"><\/div>\n<p><strong>Haftungshinweise<\/strong><\/p>\n<p>Die aufbereiteten Informationen auf dieser Website werden mit gr\u00f6\u00dftm\u00f6glicher Sorgfalt erstellt und regelm\u00e4\u00dfig aktualisiert. Wir k\u00f6nnen jedoch keine Gew\u00e4hrleistung daf\u00fcr \u00fcbernehmen, dass alle Angaben jederzeit vollst\u00e4ndig und immer aktuell dargestellt sind. S\u00e4mtliche Inhalte k\u00f6nnen ohne Ank\u00fcndigung ge\u00e4ndert, erweitert oder entfernt werden.<\/p>\n<p><strong>Eigentumsrechte<\/strong><\/p>\n<p>S\u00e4mtliche auf dieser Website ver\u00f6ffentlichten Inhalte sind, soweit nicht anders vermerkt, unser Eigentum und d\u00fcrfen ohne unsere vorherige schriftliche Zustimmung nicht f\u00fcr andere Zwecke \u00fcbertragen, vervielf\u00e4ltigt oder ver\u00e4ndert oder auf andere Art und Weise benutzt werden. Wir weisen darauf hin, dass eine Verletzung unserer Urheber- oder sonstigen Schutzrechte zivil- und\/oder strafrechtliche Konsequenzen nach sich ziehen kann.<\/p>\n<p><strong>Externe Links<\/strong><\/p>\n<p>Auf dieser Webpr\u00e4senz befinden sich Verweise zu Webseiten anderer Anbieter. Wir erkl\u00e4ren ausdr\u00fccklich, dass wir keinerlei Einfluss auf die Gestaltung und die Inhalte der gelinkten Seiten haben. Daher \u00fcbernehmen wir keine Gew\u00e4hr f\u00fcr die Inhalte dieser Webseiten und eventuelle rechtswidrige Inhalte oder andere Rechtsverletzungen.<\/p>\n<p><strong>Alternative Streitbeilegung gem\u00e4\u00df Art. 14 Abs. 1 ODR-VO und \u00a7 36 VSBG: <\/strong><\/p>\n<p>Die\u00a0 Europ\u00e4ische\u00a0 Kommission\u00a0 stellt\u00a0 eine\u00a0 Plattform\u00a0 zur\u00a0 Online-Streitbeilegung\u00a0 (OS)\u00a0 bereit,\u00a0 die\u00a0 Sie\u00a0 unter\u00a0 <a title=\"zur Plattform zur Online-Streitbeilegung\" href=\"http:\/\/ec.europa.eu\/consumers\/odr\/%20\" target=\"_blank\" rel=\"noopener noreferrer\">http:\/\/ec.europa.eu\/consumers\/odr\/\u00a0<\/a> finden.\u00a0 Zur\u00a0 Teilnahme\u00a0 an\u00a0 einem Streitbeilegungsverfahren vor einer Verbraucherschlichtungsstelle sind wir nicht verpflichtet und nicht bereit.[\/vc_column_text][\/vc_column][\/vc_row]<\/p>\n<\/div>","protected":false},"excerpt":{"rendered":"<p>[vc_row][vc_column][vc_column_text css=&#187;&#187;] Impressum RAUSCH Packaging Ein Bereich der MEDEWO AG RAUSCH Packaging ist ein Bereich der MEDEWO AG. Die MEDEWO AG ist eine Tochter der MEDEWO Holding AG mit Sitz in Meisterschwanden (CH). Gesch\u00e4ftsf\u00fchrung der MEDEWO AG in Meisterschwanden ist: , Gesch\u00e4ftsf\u00fchrung MEDEWO-Gruppe Anschrift RAUSCH Packaging Ein Bereich der MEDEWO AG Industriestrasse 1a 5616 Meisterschwanden&hellip;<\/p>\n","protected":false},"author":1,"featured_media":0,"parent":0,"menu_order":0,"comment_status":"closed","ping_status":"closed","template":"","meta":{"footnotes":""},"class_list":["post-4709","page","type-page","status-publish","hentry","description-off"],"yoast_head":"<!-- This site is optimized with the Yoast SEO plugin v26.4 - https:\/\/yoast.com\/wordpress\/plugins\/seo\/ -->\n<title>Impressum - RAUSCH-Blog<\/title>\n<meta name=\"robots\" content=\"index, follow, max-snippet:-1, max-image-preview:large, max-video-preview:-1\" \/>\n<link rel=\"canonical\" href=\"https:\/\/www.rausch-packaging.com\/blog\/ch_de\/impressum\/\" \/>\n<meta property=\"og:locale\" content=\"de_DE\" \/>\n<meta property=\"og:type\" content=\"article\" \/>\n<meta property=\"og:title\" content=\"Impressum - RAUSCH-Blog\" \/>\n<meta property=\"og:description\" content=\"[vc_row][vc_column][vc_column_text css=&#187;&#187;] Impressum RAUSCH Packaging Ein Bereich der MEDEWO AG RAUSCH Packaging ist ein Bereich der MEDEWO AG. Die MEDEWO AG ist eine Tochter der MEDEWO Holding AG mit Sitz in Meisterschwanden (CH). Gesch\u00e4ftsf\u00fchrung der MEDEWO AG in Meisterschwanden ist: , Gesch\u00e4ftsf\u00fchrung MEDEWO-Gruppe Anschrift RAUSCH Packaging Ein Bereich der MEDEWO AG Industriestrasse 1a 5616 Meisterschwanden&hellip;\" \/>\n<meta property=\"og:url\" content=\"https:\/\/www.rausch-packaging.com\/blog\/ch_de\/impressum\/\" \/>\n<meta property=\"og:site_name\" content=\"RAUSCH-Blog\" \/>\n<meta property=\"article:modified_time\" content=\"2025-10-20T09:09:27+00:00\" \/>\n<meta name=\"twitter:card\" content=\"summary_large_image\" \/>\n<meta name=\"twitter:label1\" content=\"Gesch\u00e4tzte Lesezeit\" \/>\n\t<meta name=\"twitter:data1\" content=\"2\u00a0Minuten\" \/>\n<script type=\"application\/ld+json\" class=\"yoast-schema-graph\">{\"@context\":\"https:\/\/schema.org\",\"@graph\":[{\"@type\":\"WebPage\",\"@id\":\"https:\/\/www.rausch-packaging.com\/blog\/ch_de\/impressum\/\",\"url\":\"https:\/\/www.rausch-packaging.com\/blog\/ch_de\/impressum\/\",\"name\":\"Impressum - RAUSCH-Blog\",\"isPartOf\":{\"@id\":\"https:\/\/www.rausch-packaging.com\/blog\/ch_de\/#website\"},\"datePublished\":\"2020-06-22T09:26:25+00:00\",\"dateModified\":\"2025-10-20T09:09:27+00:00\",\"breadcrumb\":{\"@id\":\"https:\/\/www.rausch-packaging.com\/blog\/ch_de\/impressum\/#breadcrumb\"},\"inLanguage\":\"de-CH\",\"potentialAction\":[{\"@type\":\"ReadAction\",\"target\":[\"https:\/\/www.rausch-packaging.com\/blog\/ch_de\/impressum\/\"]}]},{\"@type\":\"BreadcrumbList\",\"@id\":\"https:\/\/www.rausch-packaging.com\/blog\/ch_de\/impressum\/#breadcrumb\",\"itemListElement\":[{\"@type\":\"ListItem\",\"position\":1,\"name\":\"Startseite\",\"item\":\"https:\/\/www.rausch-packaging.com\/blog\/ch_de\/\"},{\"@type\":\"ListItem\",\"position\":2,\"name\":\"Impressum\"}]},{\"@type\":\"WebSite\",\"@id\":\"https:\/\/www.rausch-packaging.com\/blog\/ch_de\/#website\",\"url\":\"https:\/\/www.rausch-packaging.com\/blog\/ch_de\/\",\"name\":\"RAUSCH-Blog\",\"description\":\"\",\"publisher\":{\"@id\":\"https:\/\/www.rausch-packaging.com\/blog\/ch_de\/#organization\"},\"potentialAction\":[{\"@type\":\"SearchAction\",\"target\":{\"@type\":\"EntryPoint\",\"urlTemplate\":\"https:\/\/www.rausch-packaging.com\/blog\/ch_de\/?s={search_term_string}\"},\"query-input\":{\"@type\":\"PropertyValueSpecification\",\"valueRequired\":true,\"valueName\":\"search_term_string\"}}],\"inLanguage\":\"de-CH\"},{\"@type\":\"Organization\",\"@id\":\"https:\/\/www.rausch-packaging.com\/blog\/ch_de\/#organization\",\"name\":\"Rausch Verpackung\",\"url\":\"https:\/\/www.rausch-packaging.com\/blog\/ch_de\/\",\"logo\":{\"@type\":\"ImageObject\",\"inLanguage\":\"de-CH\",\"@id\":\"https:\/\/www.rausch-packaging.com\/blog\/ch_de\/#\/schema\/logo\/image\/\",\"url\":\"https:\/\/www.rausch-packaging.com\/blog\/wp-content\/uploads\/2022\/04\/rausch-logo.svg\",\"contentUrl\":\"https:\/\/www.rausch-packaging.com\/blog\/wp-content\/uploads\/2022\/04\/rausch-logo.svg\",\"width\":1,\"height\":1,\"caption\":\"Rausch Verpackung\"},\"image\":{\"@id\":\"https:\/\/www.rausch-packaging.com\/blog\/ch_de\/#\/schema\/logo\/image\/\"}}]}<\/script>\n<!-- \/ Yoast SEO plugin. -->","yoast_head_json":{"title":"Impressum - RAUSCH-Blog","robots":{"index":"index","follow":"follow","max-snippet":"max-snippet:-1","max-image-preview":"max-image-preview:large","max-video-preview":"max-video-preview:-1"},"canonical":"https:\/\/www.rausch-packaging.com\/blog\/ch_de\/impressum\/","og_locale":"de_DE","og_type":"article","og_title":"Impressum - RAUSCH-Blog","og_description":"[vc_row][vc_column][vc_column_text css=&#187;&#187;] Impressum RAUSCH Packaging Ein Bereich der MEDEWO AG RAUSCH Packaging ist ein Bereich der MEDEWO AG. Die MEDEWO AG ist eine Tochter der MEDEWO Holding AG mit Sitz in Meisterschwanden (CH). Gesch\u00e4ftsf\u00fchrung der MEDEWO AG in Meisterschwanden ist: , Gesch\u00e4ftsf\u00fchrung MEDEWO-Gruppe Anschrift RAUSCH Packaging Ein Bereich der MEDEWO AG Industriestrasse 1a 5616 Meisterschwanden&hellip;","og_url":"https:\/\/www.rausch-packaging.com\/blog\/ch_de\/impressum\/","og_site_name":"RAUSCH-Blog","article_modified_time":"2025-10-20T09:09:27+00:00","twitter_card":"summary_large_image","twitter_misc":{"Gesch\u00e4tzte Lesezeit":"2\u00a0Minuten"},"schema":{"@context":"https:\/\/schema.org","@graph":[{"@type":"WebPage","@id":"https:\/\/www.rausch-packaging.com\/blog\/ch_de\/impressum\/","url":"https:\/\/www.rausch-packaging.com\/blog\/ch_de\/impressum\/","name":"Impressum - RAUSCH-Blog","isPartOf":{"@id":"https:\/\/www.rausch-packaging.com\/blog\/ch_de\/#website"},"datePublished":"2020-06-22T09:26:25+00:00","dateModified":"2025-10-20T09:09:27+00:00","breadcrumb":{"@id":"https:\/\/www.rausch-packaging.com\/blog\/ch_de\/impressum\/#breadcrumb"},"inLanguage":"de-CH","potentialAction":[{"@type":"ReadAction","target":["https:\/\/www.rausch-packaging.com\/blog\/ch_de\/impressum\/"]}]},{"@type":"BreadcrumbList","@id":"https:\/\/www.rausch-packaging.com\/blog\/ch_de\/impressum\/#breadcrumb","itemListElement":[{"@type":"ListItem","position":1,"name":"Startseite","item":"https:\/\/www.rausch-packaging.com\/blog\/ch_de\/"},{"@type":"ListItem","position":2,"name":"Impressum"}]},{"@type":"WebSite","@id":"https:\/\/www.rausch-packaging.com\/blog\/ch_de\/#website","url":"https:\/\/www.rausch-packaging.com\/blog\/ch_de\/","name":"RAUSCH-Blog","description":"","publisher":{"@id":"https:\/\/www.rausch-packaging.com\/blog\/ch_de\/#organization"},"potentialAction":[{"@type":"SearchAction","target":{"@type":"EntryPoint","urlTemplate":"https:\/\/www.rausch-packaging.com\/blog\/ch_de\/?s={search_term_string}"},"query-input":{"@type":"PropertyValueSpecification","valueRequired":true,"valueName":"search_term_string"}}],"inLanguage":"de-CH"},{"@type":"Organization","@id":"https:\/\/www.rausch-packaging.com\/blog\/ch_de\/#organization","name":"Rausch Verpackung","url":"https:\/\/www.rausch-packaging.com\/blog\/ch_de\/","logo":{"@type":"ImageObject","inLanguage":"de-CH","@id":"https:\/\/www.rausch-packaging.com\/blog\/ch_de\/#\/schema\/logo\/image\/","url":"https:\/\/www.rausch-packaging.com\/blog\/wp-content\/uploads\/2022\/04\/rausch-logo.svg","contentUrl":"https:\/\/www.rausch-packaging.com\/blog\/wp-content\/uploads\/2022\/04\/rausch-logo.svg","width":1,"height":1,"caption":"Rausch Verpackung"},"image":{"@id":"https:\/\/www.rausch-packaging.com\/blog\/ch_de\/#\/schema\/logo\/image\/"}}]}},"_links":{"self":[{"href":"https:\/\/www.rausch-packaging.com\/blog\/ch_de\/wp-json\/wp\/v2\/pages\/4709","targetHints":{"allow":["GET"]}}],"collection":[{"href":"https:\/\/www.rausch-packaging.com\/blog\/ch_de\/wp-json\/wp\/v2\/pages"}],"about":[{"href":"https:\/\/www.rausch-packaging.com\/blog\/ch_de\/wp-json\/wp\/v2\/types\/page"}],"author":[{"embeddable":true,"href":"https:\/\/www.rausch-packaging.com\/blog\/ch_de\/wp-json\/wp\/v2\/users\/1"}],"replies":[{"embeddable":true,"href":"https:\/\/www.rausch-packaging.com\/blog\/ch_de\/wp-json\/wp\/v2\/comments?post=4709"}],"version-history":[{"count":10,"href":"https:\/\/www.rausch-packaging.com\/blog\/ch_de\/wp-json\/wp\/v2\/pages\/4709\/revisions"}],"predecessor-version":[{"id":18855,"href":"https:\/\/www.rausch-packaging.com\/blog\/ch_de\/wp-json\/wp\/v2\/pages\/4709\/revisions\/18855"}],"wp:attachment":[{"href":"https:\/\/www.rausch-packaging.com\/blog\/ch_de\/wp-json\/wp\/v2\/media?parent=4709"}],"curies":[{"name":"wp","href":"https:\/\/api.w.org\/{rel}","templated":true}]}}