{"id":4728,"date":"2020-06-22T11:39:06","date_gmt":"2020-06-22T09:39:06","guid":{"rendered":"https:\/\/www.rausch-packaging.com\/blog\/?page_id=4728"},"modified":"2023-08-01T10:14:15","modified_gmt":"2023-08-01T08:14:15","slug":"ueber-rausch","status":"publish","type":"page","link":"https:\/\/www.rausch-packaging.com\/blog\/ch_de\/ueber-rausch\/","title":{"rendered":"\u00dcber RAUSCH"},"content":{"rendered":"<div class=\"wpb-content-wrapper\"><p>[vc_row][vc_column offset=&#187;vc_col-md-8&#8243;][vc_row_inner][vc_column_inner offset=&#187;vc_col-md-12&#8243;]<div id=\"ultimate-heading-71476935d8f82e832\" class=\"uvc-heading ult-adjust-bottom-margin ultimate-heading-71476935d8f82e832 uvc-5170  uvc-heading-default-font-sizes\" data-hspacer=\"no_spacer\"  data-halign=\"left\" style=\"text-align:left\"><div class=\"uvc-heading-spacer no_spacer\" style=\"top\"><\/div><div class=\"uvc-main-heading ult-responsive\"  data-ultimate-target='.uvc-heading.ultimate-heading-71476935d8f82e832 h1'  data-responsive-json-new='{\"font-size\":\"\",\"line-height\":\"\"}' ><h1 style=\"--font-weight:theme;margin-bottom:20PX;\">Willkommen bei RAUSCH<\/h1><\/div><\/div>[vc_single_image image=&#187;4731&#8243; img_size=&#187;full&#187; css=&#187;.vc_custom_1592818848581{margin-bottom: 20px !important;}&#187;][vc_column_text]RAUSCH ist Ihr innovativer Schweizer Partner f\u00fcr <strong>Lebensmittel-, Service-, Geschenk und Verkaufsverpackungen sowie Betriebshygiene<\/strong>. Unsere Kunden sind Unternehmen wie z. B. Take-away-Gastronomen, B\u00e4cker, Konditoren, Metzger, Caterer, Einzelh\u00e4ndler, Hofl\u00e4den, Event-Veranstalter, Vereine, Kliniken, Pflegeeinrichtungen, Grossh\u00e4ndler und Industriebetriebe.<\/p>\n<p>Wir bieten Ihnen ein umfangreiches <strong>Lagersortiment von 2&#8217;700 Artikeln<\/strong> und sind <strong>Spezialisten f\u00fcr individualisierte, werbende Verpackungen.<\/strong> Mit sehr gut ausgebildeten Verpackungsberatern sowohl im Aussen- wie auch im Innendienst finden wir sicher auch Ihre passende L\u00f6sung zum richtigen Preis.[\/vc_column_text][\/vc_column_inner][\/vc_row_inner][vc_row_inner][vc_column_inner][vc_column_text]<\/p>\n<h3>Profitieren Sie von diesen RAUSCH Vorteilen:<\/h3>\n<ul>\n<li>\u00fcber 40 Jahre Erfahrung<\/li>\n<li>pers\u00f6nliche Beratung durch unseren Aussendienst bei Ihnen vor Ort oder unser Innendienst-Team in unserem Verkaufsraum in Meisterschwanden (AG) oder am Telefon, per E-Mail oder Fax<\/li>\n<li>Gratis-Muster<\/li>\n<li>kostenfreie Zustellung ab einem Netto-Bestellwert von CHF 350,\u2014<\/li>\n<li>Gew\u00e4hrleistung der Lebensmittelunbedenklichkeit aller angebotenen Serviceverpackungen<\/li>\n<\/ul>\n<p><a title=\"Ihre Vorteile bei RAUSCH\" href=\"https:\/\/www.rausch-packaging.com\/ch_de\/ihre-vorteile\" target=\"_blank\" rel=\"noopener noreferrer\">Alle Ihre Vorteile im \u00dcberblick &gt;<\/a>[\/vc_column_text][\/vc_column_inner][\/vc_row_inner][vc_row_inner][vc_column_inner][vc_column_text]RAUSCH ist eine Marke der MEDEWO-Gruppe mit Hauptsitz in Meisterschwanden (AG). In Wohlen (AG) gegr\u00fcndet steht das <strong>Schweizer Familienunternehmen<\/strong> seit 40 Jahren f\u00fcr Verpackungskompetenz sowie einen hohen Qualit\u00e4tsanspruch. 2011 konnten 100\u2009% der Anteile der ebenfalls sehr erfolgreichen Rausch Verpackung GmbH erworben werden, die seit 1966 als Spezialist f\u00fcr Lebensmittel- und Serviceverpackungen am Markt t\u00e4tig ist. Seither profitieren auch Schweizer Kunden von der langj\u00e4hrigen Erfahrung und dem Know-How in Sachen Lebensmittelverpackungen.<\/p>\n<p>Unser B\u00fcro- und Logistikzentrum in Meisterschwanden ist der Hauptsitz der international agierenden MEDEWO-Gruppe. Wir sind fest in der Region verankert und ein begehrter Arbeitgeber. Mehr als 60 Mitarbeitende sorgen in Meisterschwanden daf\u00fcr, dass Sie als Kunde <strong>beste Beratung, h\u00f6chste Produktqualit\u00e4t und schnelle Lieferung<\/strong> erleben.<\/p>\n<p>Wir freuen uns mit Fachkompetenz, Kreativit\u00e4t und viel Elan Ihnen die besten Verpackungsl\u00f6sungen f\u00fcr Ihre Produkte anbieten zu k\u00f6nnen. Testen Sie uns!<\/p>\n<p>Herzliche Gr\u00fcsse aus Meisterschwanden (AG)<br \/>\nIhr<\/p>\n<p>Andr\u00e9 Afentoulidis<br \/>\nLeitung Verkauf MEDEWO &amp; RAUSCH, Mitglied der Gesch\u00e4ftsleitung der MEDEWO GRUPPE[\/vc_column_text][\/vc_column_inner][\/vc_row_inner][vc_row_inner][vc_column_inner offset=&#187;vc_hidden-lg vc_hidden-md&#187;][vc_empty_space height=&#187;20px&#187;][\/vc_column_inner][\/vc_row_inner][\/vc_column][vc_column offset=&#187;vc_col-md-4&#8243;][vc_widget_sidebar show_bg=&#187;false&#187; sidebar_id=&#187;sidebar_1&#8243;][\/vc_column][\/vc_row]<\/p>\n<\/div>","protected":false},"excerpt":{"rendered":"<p>[vc_row][vc_column offset=&#187;vc_col-md-8&#8243;][vc_row_inner][vc_column_inner offset=&#187;vc_col-md-12&#8243;][vc_single_image image=&#187;4731&#8243; img_size=&#187;full&#187; css=&#187;.vc_custom_1592818848581{margin-bottom: 20px !important;}&#187;][vc_column_text]RAUSCH ist Ihr innovativer Schweizer Partner f\u00fcr Lebensmittel-, Service-, Geschenk und Verkaufsverpackungen sowie Betriebshygiene. Unsere Kunden sind Unternehmen wie z. B. Take-away-Gastronomen, B\u00e4cker, Konditoren, Metzger, Caterer, Einzelh\u00e4ndler, Hofl\u00e4den, Event-Veranstalter, Vereine, Kliniken, Pflegeeinrichtungen, Grossh\u00e4ndler und Industriebetriebe. Wir bieten Ihnen ein umfangreiches Lagersortiment von 2&#8217;700 Artikeln und sind Spezialisten f\u00fcr&hellip;<\/p>\n","protected":false},"author":1,"featured_media":0,"parent":0,"menu_order":0,"comment_status":"closed","ping_status":"closed","template":"","meta":{"footnotes":""},"class_list":["post-4728","page","type-page","status-publish","hentry","description-off"],"yoast_head":"<!-- This site is optimized with the Yoast SEO plugin v26.4 - https:\/\/yoast.com\/wordpress\/plugins\/seo\/ -->\n<title>\u00dcber RAUSCH - RAUSCH-Blog<\/title>\n<meta name=\"robots\" content=\"index, follow, max-snippet:-1, max-image-preview:large, max-video-preview:-1\" \/>\n<link rel=\"canonical\" href=\"https:\/\/www.rausch-packaging.com\/blog\/ch_de\/ueber-rausch\/\" \/>\n<meta property=\"og:locale\" content=\"de_DE\" \/>\n<meta property=\"og:type\" content=\"article\" \/>\n<meta property=\"og:title\" content=\"\u00dcber RAUSCH - RAUSCH-Blog\" \/>\n<meta property=\"og:description\" content=\"[vc_row][vc_column offset=&#187;vc_col-md-8&#8243;][vc_row_inner][vc_column_inner offset=&#187;vc_col-md-12&#8243;][vc_single_image image=&#187;4731&#8243; img_size=&#187;full&#187; css=&#187;.vc_custom_1592818848581{margin-bottom: 20px !important;}&#187;][vc_column_text]RAUSCH ist Ihr innovativer Schweizer Partner f\u00fcr Lebensmittel-, Service-, Geschenk und Verkaufsverpackungen sowie Betriebshygiene. Unsere Kunden sind Unternehmen wie z. B. Take-away-Gastronomen, B\u00e4cker, Konditoren, Metzger, Caterer, Einzelh\u00e4ndler, Hofl\u00e4den, Event-Veranstalter, Vereine, Kliniken, Pflegeeinrichtungen, Grossh\u00e4ndler und Industriebetriebe. Wir bieten Ihnen ein umfangreiches Lagersortiment von 2&#8217;700 Artikeln und sind Spezialisten f\u00fcr&hellip;\" \/>\n<meta property=\"og:url\" content=\"https:\/\/www.rausch-packaging.com\/blog\/ch_de\/ueber-rausch\/\" \/>\n<meta property=\"og:site_name\" content=\"RAUSCH-Blog\" \/>\n<meta property=\"article:modified_time\" content=\"2023-08-01T08:14:15+00:00\" \/>\n<meta name=\"twitter:card\" content=\"summary_large_image\" \/>\n<meta name=\"twitter:label1\" content=\"Gesch\u00e4tzte Lesezeit\" \/>\n\t<meta name=\"twitter:data1\" content=\"2\u00a0Minuten\" \/>\n<script type=\"application\/ld+json\" class=\"yoast-schema-graph\">{\"@context\":\"https:\/\/schema.org\",\"@graph\":[{\"@type\":\"WebPage\",\"@id\":\"https:\/\/www.rausch-packaging.com\/blog\/ch_de\/ueber-rausch\/\",\"url\":\"https:\/\/www.rausch-packaging.com\/blog\/ch_de\/ueber-rausch\/\",\"name\":\"\u00dcber RAUSCH - RAUSCH-Blog\",\"isPartOf\":{\"@id\":\"https:\/\/www.rausch-packaging.com\/blog\/ch_de\/#website\"},\"datePublished\":\"2020-06-22T09:39:06+00:00\",\"dateModified\":\"2023-08-01T08:14:15+00:00\",\"breadcrumb\":{\"@id\":\"https:\/\/www.rausch-packaging.com\/blog\/ch_de\/ueber-rausch\/#breadcrumb\"},\"inLanguage\":\"de-CH\",\"potentialAction\":[{\"@type\":\"ReadAction\",\"target\":[\"https:\/\/www.rausch-packaging.com\/blog\/ch_de\/ueber-rausch\/\"]}]},{\"@type\":\"BreadcrumbList\",\"@id\":\"https:\/\/www.rausch-packaging.com\/blog\/ch_de\/ueber-rausch\/#breadcrumb\",\"itemListElement\":[{\"@type\":\"ListItem\",\"position\":1,\"name\":\"Startseite\",\"item\":\"https:\/\/www.rausch-packaging.com\/blog\/ch_de\/\"},{\"@type\":\"ListItem\",\"position\":2,\"name\":\"\u00dcber RAUSCH\"}]},{\"@type\":\"WebSite\",\"@id\":\"https:\/\/www.rausch-packaging.com\/blog\/ch_de\/#website\",\"url\":\"https:\/\/www.rausch-packaging.com\/blog\/ch_de\/\",\"name\":\"RAUSCH-Blog\",\"description\":\"\",\"publisher\":{\"@id\":\"https:\/\/www.rausch-packaging.com\/blog\/ch_de\/#organization\"},\"potentialAction\":[{\"@type\":\"SearchAction\",\"target\":{\"@type\":\"EntryPoint\",\"urlTemplate\":\"https:\/\/www.rausch-packaging.com\/blog\/ch_de\/?s={search_term_string}\"},\"query-input\":{\"@type\":\"PropertyValueSpecification\",\"valueRequired\":true,\"valueName\":\"search_term_string\"}}],\"inLanguage\":\"de-CH\"},{\"@type\":\"Organization\",\"@id\":\"https:\/\/www.rausch-packaging.com\/blog\/ch_de\/#organization\",\"name\":\"Rausch Verpackung\",\"url\":\"https:\/\/www.rausch-packaging.com\/blog\/ch_de\/\",\"logo\":{\"@type\":\"ImageObject\",\"inLanguage\":\"de-CH\",\"@id\":\"https:\/\/www.rausch-packaging.com\/blog\/ch_de\/#\/schema\/logo\/image\/\",\"url\":\"https:\/\/www.rausch-packaging.com\/blog\/wp-content\/uploads\/2022\/04\/rausch-logo.svg\",\"contentUrl\":\"https:\/\/www.rausch-packaging.com\/blog\/wp-content\/uploads\/2022\/04\/rausch-logo.svg\",\"width\":1,\"height\":1,\"caption\":\"Rausch Verpackung\"},\"image\":{\"@id\":\"https:\/\/www.rausch-packaging.com\/blog\/ch_de\/#\/schema\/logo\/image\/\"}}]}<\/script>\n<!-- \/ Yoast SEO plugin. -->","yoast_head_json":{"title":"\u00dcber RAUSCH - RAUSCH-Blog","robots":{"index":"index","follow":"follow","max-snippet":"max-snippet:-1","max-image-preview":"max-image-preview:large","max-video-preview":"max-video-preview:-1"},"canonical":"https:\/\/www.rausch-packaging.com\/blog\/ch_de\/ueber-rausch\/","og_locale":"de_DE","og_type":"article","og_title":"\u00dcber RAUSCH - RAUSCH-Blog","og_description":"[vc_row][vc_column offset=&#187;vc_col-md-8&#8243;][vc_row_inner][vc_column_inner offset=&#187;vc_col-md-12&#8243;][vc_single_image image=&#187;4731&#8243; img_size=&#187;full&#187; css=&#187;.vc_custom_1592818848581{margin-bottom: 20px !important;}&#187;][vc_column_text]RAUSCH ist Ihr innovativer Schweizer Partner f\u00fcr Lebensmittel-, Service-, Geschenk und Verkaufsverpackungen sowie Betriebshygiene. Unsere Kunden sind Unternehmen wie z. B. Take-away-Gastronomen, B\u00e4cker, Konditoren, Metzger, Caterer, Einzelh\u00e4ndler, Hofl\u00e4den, Event-Veranstalter, Vereine, Kliniken, Pflegeeinrichtungen, Grossh\u00e4ndler und Industriebetriebe. Wir bieten Ihnen ein umfangreiches Lagersortiment von 2&#8217;700 Artikeln und sind Spezialisten f\u00fcr&hellip;","og_url":"https:\/\/www.rausch-packaging.com\/blog\/ch_de\/ueber-rausch\/","og_site_name":"RAUSCH-Blog","article_modified_time":"2023-08-01T08:14:15+00:00","twitter_card":"summary_large_image","twitter_misc":{"Gesch\u00e4tzte Lesezeit":"2\u00a0Minuten"},"schema":{"@context":"https:\/\/schema.org","@graph":[{"@type":"WebPage","@id":"https:\/\/www.rausch-packaging.com\/blog\/ch_de\/ueber-rausch\/","url":"https:\/\/www.rausch-packaging.com\/blog\/ch_de\/ueber-rausch\/","name":"\u00dcber RAUSCH - RAUSCH-Blog","isPartOf":{"@id":"https:\/\/www.rausch-packaging.com\/blog\/ch_de\/#website"},"datePublished":"2020-06-22T09:39:06+00:00","dateModified":"2023-08-01T08:14:15+00:00","breadcrumb":{"@id":"https:\/\/www.rausch-packaging.com\/blog\/ch_de\/ueber-rausch\/#breadcrumb"},"inLanguage":"de-CH","potentialAction":[{"@type":"ReadAction","target":["https:\/\/www.rausch-packaging.com\/blog\/ch_de\/ueber-rausch\/"]}]},{"@type":"BreadcrumbList","@id":"https:\/\/www.rausch-packaging.com\/blog\/ch_de\/ueber-rausch\/#breadcrumb","itemListElement":[{"@type":"ListItem","position":1,"name":"Startseite","item":"https:\/\/www.rausch-packaging.com\/blog\/ch_de\/"},{"@type":"ListItem","position":2,"name":"\u00dcber RAUSCH"}]},{"@type":"WebSite","@id":"https:\/\/www.rausch-packaging.com\/blog\/ch_de\/#website","url":"https:\/\/www.rausch-packaging.com\/blog\/ch_de\/","name":"RAUSCH-Blog","description":"","publisher":{"@id":"https:\/\/www.rausch-packaging.com\/blog\/ch_de\/#organization"},"potentialAction":[{"@type":"SearchAction","target":{"@type":"EntryPoint","urlTemplate":"https:\/\/www.rausch-packaging.com\/blog\/ch_de\/?s={search_term_string}"},"query-input":{"@type":"PropertyValueSpecification","valueRequired":true,"valueName":"search_term_string"}}],"inLanguage":"de-CH"},{"@type":"Organization","@id":"https:\/\/www.rausch-packaging.com\/blog\/ch_de\/#organization","name":"Rausch Verpackung","url":"https:\/\/www.rausch-packaging.com\/blog\/ch_de\/","logo":{"@type":"ImageObject","inLanguage":"de-CH","@id":"https:\/\/www.rausch-packaging.com\/blog\/ch_de\/#\/schema\/logo\/image\/","url":"https:\/\/www.rausch-packaging.com\/blog\/wp-content\/uploads\/2022\/04\/rausch-logo.svg","contentUrl":"https:\/\/www.rausch-packaging.com\/blog\/wp-content\/uploads\/2022\/04\/rausch-logo.svg","width":1,"height":1,"caption":"Rausch Verpackung"},"image":{"@id":"https:\/\/www.rausch-packaging.com\/blog\/ch_de\/#\/schema\/logo\/image\/"}}]}},"_links":{"self":[{"href":"https:\/\/www.rausch-packaging.com\/blog\/ch_de\/wp-json\/wp\/v2\/pages\/4728","targetHints":{"allow":["GET"]}}],"collection":[{"href":"https:\/\/www.rausch-packaging.com\/blog\/ch_de\/wp-json\/wp\/v2\/pages"}],"about":[{"href":"https:\/\/www.rausch-packaging.com\/blog\/ch_de\/wp-json\/wp\/v2\/types\/page"}],"author":[{"embeddable":true,"href":"https:\/\/www.rausch-packaging.com\/blog\/ch_de\/wp-json\/wp\/v2\/users\/1"}],"replies":[{"embeddable":true,"href":"https:\/\/www.rausch-packaging.com\/blog\/ch_de\/wp-json\/wp\/v2\/comments?post=4728"}],"version-history":[{"count":8,"href":"https:\/\/www.rausch-packaging.com\/blog\/ch_de\/wp-json\/wp\/v2\/pages\/4728\/revisions"}],"predecessor-version":[{"id":12708,"href":"https:\/\/www.rausch-packaging.com\/blog\/ch_de\/wp-json\/wp\/v2\/pages\/4728\/revisions\/12708"}],"wp:attachment":[{"href":"https:\/\/www.rausch-packaging.com\/blog\/ch_de\/wp-json\/wp\/v2\/media?parent=4728"}],"curies":[{"name":"wp","href":"https:\/\/api.w.org\/{rel}","templated":true}]}}