{"id":9143,"date":"2022-03-07T15:31:01","date_gmt":"2022-03-07T14:31:01","guid":{"rendered":"https:\/\/www.rausch-packaging.com\/blog\/?page_id=9143"},"modified":"2025-10-21T13:10:56","modified_gmt":"2025-10-21T11:10:56","slug":"kataloge","status":"publish","type":"page","link":"https:\/\/www.rausch-packaging.com\/blog\/ch_de\/kataloge\/","title":{"rendered":"E-Books &#038; Kataloge"},"content":{"rendered":"<div class=\"wpb-content-wrapper\"><p>[vc_row][vc_column width=&#187;2\/3&#8243;]<div id=\"ultimate-heading-379369294aa0bdb4f\" class=\"uvc-heading ult-adjust-bottom-margin ultimate-heading-379369294aa0bdb4f uvc-8550 \" data-hspacer=\"no_spacer\"  data-halign=\"left\" style=\"text-align:left\"><div class=\"uvc-heading-spacer no_spacer\" style=\"top\"><\/div><div class=\"uvc-main-heading ult-responsive\"  data-ultimate-target='.uvc-heading.ultimate-heading-379369294aa0bdb4f h1'  data-responsive-json-new='{\"font-size\":\"desktop:40px;mobile:25px;\",\"line-height\":\"\"}' ><h1 style=\"--font-weight:theme;margin-bottom:20px;\">E-Books und Kataloge<\/h1><\/div><\/div>[vc_empty_space height=&#187;15px&#187;][vc_column_text css=&#187;&#187;]Sie interessieren sich f\u00fcr das Verpacken von Lebensmitteln und st\u00f6bern gerne durch digitale PDFs oder Bl\u00e4tterkataloge? Dann sind Sie bei uns genau richtig!<\/p>\n<ul>\n<li><a href=\"#ebooks\">E-Books &amp; Whitepaper \u2193<\/a><\/li>\n<li><a href=\"#kataloge\">Spezialkataloge \u2193<\/a><\/li>\n<\/ul>\n<p>[\/vc_column_text][\/vc_column][vc_column width=&#187;1\/3&#8243;][vc_single_image image=&#187;18707&#8243; img_size=&#187;medium&#187; alignment=&#187;center&#187; css=&#187;.vc_custom_1756123670695{margin-top: 25px !important;}&#187;][\/vc_column][\/vc_row][vc_row el_id=&#187;ebooks&#187;][vc_column][vc_empty_space height=&#187;50px&#187;][vc_separator][vc_empty_space height=&#187;50px&#187;][vc_row_inner][vc_column_inner]<div id=\"ultimate-heading-500569294aa0bdbad\" class=\"uvc-heading ult-adjust-bottom-margin ultimate-heading-500569294aa0bdbad uvc-5863  uvc-heading-default-font-sizes\" data-hspacer=\"no_spacer\"  data-halign=\"left\" style=\"text-align:left\"><div class=\"uvc-heading-spacer no_spacer\" style=\"top\"><\/div><div class=\"uvc-main-heading ult-responsive\"  data-ultimate-target='.uvc-heading.ultimate-heading-500569294aa0bdbad h2'  data-responsive-json-new='{\"font-size\":\"\",\"line-height\":\"\"}' ><h2 style=\"--font-weight:theme;margin-bottom:20px;\">E-Books &amp; Whitepaper<\/h2><\/div><\/div>[vc_column_text]Regelm\u00e4ssig fassen wir wichtige Themen und relevante Informationen zu E-Books, Whitepaper oder Ratgebern zusammen und ver\u00f6ffentlichen diese in digitaler Form. Wir teilen unser Wissen gern mit anderen und deswegen k\u00f6nnen Sie die E-Books &amp; Co. kostenlos herunterladen.[\/vc_column_text][vc_empty_space height=&#187;25px&#187;][vc_raw_html]JTVCcHRfdmlldyUyMGlkJTNEJTIyMjUyNTY2ZGg0cyUyMiU1RA==[\/vc_raw_html][vc_empty_space height=&#187;50px&#187;][\/vc_column_inner][\/vc_row_inner][vc_separator][\/vc_column][\/vc_row][vc_row el_id=&#187;kataloge&#187;][vc_column][vc_row_inner][vc_column_inner][vc_empty_space height=&#187;50px&#187;]<div id=\"ultimate-heading-984069294aa0bdbe8\" class=\"uvc-heading ult-adjust-bottom-margin ultimate-heading-984069294aa0bdbe8 uvc-678  uvc-heading-default-font-sizes\" data-hspacer=\"no_spacer\"  data-halign=\"left\" style=\"text-align:left\"><div class=\"uvc-heading-spacer no_spacer\" style=\"top\"><\/div><div class=\"uvc-main-heading ult-responsive\"  data-ultimate-target='.uvc-heading.ultimate-heading-984069294aa0bdbe8 h2'  data-responsive-json-new='{\"font-size\":\"\",\"line-height\":\"\"}' ><h2 style=\"--font-weight:theme;margin-bottom:20px;\">Spezialkataloge von RAUSCH<\/h2><\/div><\/div>[vc_column_text]Mehrmals im Jahr erweitern wir unser Sortiment oder setzen bestimmte, aktuell relevante Produkte f\u00fcr Sie in Szene. In unseren Spezialkatalogen fassen wir dies f\u00fcr Sie zusammen, damit Sie immer \u00fcber die aktuellsten Produkte und Trends informiert sind.<\/p>\n<p>Sie m\u00f6chten unsere Spezialkataloge gerne regelm\u00e4ssig in gedruckter Form postalisch erhalten? Kein Problem &#8211; <a href=\"https:\/\/www.rausch-packaging.com\/blog\/ch_de\/kontakt\/\">schreiben Sie uns einfach eine kurze Nachricht<\/a> inkl. Angabe Ihrer Kontaktdaten und wir nehmen Sie in unseren Verteiler auf.[\/vc_column_text][vc_empty_space height=&#187;25px&#187;][vc_raw_html]JTVCcHRfdmlldyUyMGlkJTNEJTIyN2FiNDdiNjhzMSUyMiU1RA==[\/vc_raw_html][\/vc_column_inner][\/vc_row_inner][\/vc_column][\/vc_row][vc_row disable_element=&#187;yes&#187; el_id=&#187;hauptkatalog&#187;][vc_column][vc_empty_space height=&#187;50px&#187;][vc_separator][vc_empty_space height=&#187;50px&#187;]<div id=\"ultimate-heading-737969294aa0bdc1d\" class=\"uvc-heading ult-adjust-bottom-margin ultimate-heading-737969294aa0bdc1d uvc-9001  uvc-heading-default-font-sizes\" data-hspacer=\"no_spacer\"  data-halign=\"left\" style=\"text-align:left\"><div class=\"uvc-heading-spacer no_spacer\" style=\"top\"><\/div><div class=\"uvc-main-heading ult-responsive\"  data-ultimate-target='.uvc-heading.ultimate-heading-737969294aa0bdc1d h2'  data-responsive-json-new='{\"font-size\":\"\",\"line-height\":\"\"}' ><h2 style=\"--font-weight:theme;margin-bottom:25px;\">RAUSCH Hauptkatalog<\/h2><\/div><\/div>[\/vc_column][\/vc_row][vc_row disable_element=&#187;yes&#187;][vc_column width=&#187;2\/5&#8243;][vc_single_image image=&#187;6551&#8243; img_size=&#187;full&#187; alignment=&#187;center&#187; css=&#187;.vc_custom_1647266584863{margin-bottom: 10px !important;border-bottom-width: 10px !important;padding-bottom: 10px !important;}&#187;][\/vc_column][vc_column width=&#187;3\/5&#8243;][vc_column_text]<\/p>\n<h3>Entdecken Sie unser gesamtes Sortiment in unserem Hauptkatalog 2021\/22<\/h3>\n<ul>\n<li>2&#8217;700 Artikel ab Lager sofort verf\u00fcgbar \u2013 Lieferung in 24 h<\/li>\n<li>davon 1&#8217;300 nachhaltig oder ressourcenschonend<\/li>\n<li>360 Neuheiten<\/li>\n<li>Inspirationen f\u00fcr erfolgreiche, individuelle Verpackungen nach Ihren W\u00fcnschen<\/li>\n<li>24 Ratgeberthemen mit praktischem Wissen<\/li>\n<\/ul>\n<p>[\/vc_column_text]<style type=\"text\/css\" data-type=\"the7_shortcodes-inline-css\">#default-btn-6f47dcdbb84305580f0c2cd693d98ba8.ico-right-side > i {\n  margin-right: 0px;\n  margin-left: 8px;\n}\n#default-btn-6f47dcdbb84305580f0c2cd693d98ba8 > i {\n  margin-right: 8px;\n}<\/style><a href=\"https:\/\/www.rausch-packaging.com\/ch\/hauptkatalog-lebensmittelverpackungen\" class=\"default-btn-shortcode dt-btn dt-btn-s link-hover-off btn-inline-left  vc_custom_1647263335273\" target=\"_blank\" id=\"default-btn-6f47dcdbb84305580f0c2cd693d98ba8\" title=\"zum RAUSCH Hauptkatalog\" rel=\"noopener\"><span>Jetzt Hauptkatalog kostenlos anfordern<\/span><\/a>[vc_column_text]oder <a href=\"https:\/\/www.rausch-packaging.com\/ch\/hauptkatalog-lebensmittelverpackungen\" target=\"_blank\">online durchbl\u00e4ttern<\/a>[\/vc_column_text][vc_empty_space height=&#187;50px&#187;][\/vc_column][\/vc_row][vc_row][vc_column][vc_single_image image=&#187;3685&#8243; el_class=&#187;infobox-badge&#187;][vc_cta h2=&#187;&#187; css=&#187;.vc_custom_1647266533956{margin-top: 20px !important;margin-bottom: 15px !important;padding-top: 30px !important;padding-right: 30px !important;padding-bottom: 30px !important;padding-left: 100px !important;background-color: #eaeaea !important;}&#187;]<strong>Sie w\u00fcnschen sich eine fachkundige Beratung?<br \/>\n<\/strong><\/p>\n<p>Seit \u00fcber 35 Jahren beraten wir Gastronomen, Kantinen, B\u00e4cker, Caterer und viele andere Branchen rund um das Thema Lebensmittelverpackungen.<\/p>\n<p>Gemeinsam finden wir die ideale Verpackung f\u00fcr Sie!<\/p>\n<p>&nbsp;<\/p>\n<p><a href=\"\/blog\/ch_de\/kontakt\/\"><button class=\"dt-btn-s dt-btn post-details details-type-btn white-btn\" style=\"margin-right: 10px;\">Kontakt aufnehmen<\/button><\/a> oder rufen Sie uns an unter\u00a0 phone-link[\/vc_cta][\/vc_column][\/vc_row][vc_row disable_element=&#187;yes&#187;][vc_column width=&#187;2\/5&#8243;][vc_single_image image=&#187;5748&#8243; img_size=&#187;full&#187; alignment=&#187;center&#187; css=&#187;.vc_custom_1647345152078{margin-bottom: 10px !important;border-bottom-width: 10px !important;padding-bottom: 10px !important;}&#187;][\/vc_column][vc_column width=&#187;3\/5&#8243;][vc_column_text]<\/p>\n<h3>Entdecken Sie unseren Web-Shop mit einem Lagersortiment von mehr als 2&#8217;700 Lebensmittel- und Service-Verpackungen<\/h3>\n<ul>\n<li>Umfangreiches Lagersortiment \u2013 auch in kleinen Mengen<\/li>\n<li>Grosse Auswahl an nachhaltigen und ressourcenschonenden Verpackungen<\/li>\n<li>Schnelle Lieferung in 24 Stunden<\/li>\n<li>Gratis-Muster \u2013 gepr\u00fcfte Qualit\u00e4t &amp; innovative Materialien<\/li>\n<li>Fachkundige Beratung \u2013 \u00fcber 35 Jahre Erfahrung<\/li>\n<\/ul>\n<p>[\/vc_column_text]<style type=\"text\/css\" data-type=\"the7_shortcodes-inline-css\">#default-btn-46d72764ebe274f251b835f09c7c48ba.ico-right-side > i {\n  margin-right: 0px;\n  margin-left: 8px;\n}\n#default-btn-46d72764ebe274f251b835f09c7c48ba > i {\n  margin-right: 8px;\n}<\/style><a href=\"https:\/\/www.rausch-packaging.com\/ch\/\" class=\"default-btn-shortcode dt-btn dt-btn-s link-hover-off btn-inline-left  vc_custom_1647345606765\" target=\"_blank\" id=\"default-btn-46d72764ebe274f251b835f09c7c48ba\" title=\"zum RAUSCH Web-Shop\" rel=\"noopener\"><span>Jetzt RAUSCH Web-Shop entdecken<\/span><\/a>[vc_empty_space height=&#187;50px&#187;][\/vc_column][\/vc_row][vc_column width=&#187;2\/3&#8243;][\/vc_column]<\/p>\n<\/div>","protected":false},"excerpt":{"rendered":"<p>[vc_row][vc_column width=&#187;2\/3&#8243;][vc_empty_space height=&#187;15px&#187;][vc_column_text css=&#187;&#187;]Sie interessieren sich f\u00fcr das Verpacken von Lebensmitteln und st\u00f6bern gerne durch digitale PDFs oder Bl\u00e4tterkataloge? Dann sind Sie bei uns genau richtig! E-Books &amp; Whitepaper \u2193 Spezialkataloge \u2193 [\/vc_column_text][\/vc_column][vc_column width=&#187;1\/3&#8243;][vc_single_image image=&#187;18707&#8243; img_size=&#187;medium&#187; alignment=&#187;center&#187; css=&#187;.vc_custom_1756123670695{margin-top: 25px !important;}&#187;][\/vc_column][\/vc_row][vc_row el_id=&#187;ebooks&#187;][vc_column][vc_empty_space height=&#187;50px&#187;][vc_separator][vc_empty_space height=&#187;50px&#187;][vc_row_inner][vc_column_inner][vc_column_text]Regelm\u00e4ssig fassen wir wichtige Themen und relevante Informationen zu E-Books, Whitepaper oder Ratgebern&hellip;<\/p>\n","protected":false},"author":12,"featured_media":6491,"parent":0,"menu_order":0,"comment_status":"closed","ping_status":"closed","template":"","meta":{"footnotes":""},"class_list":["post-9143","page","type-page","status-publish","has-post-thumbnail","hentry","description-off"],"yoast_head":"<!-- This site is optimized with the Yoast SEO plugin v26.4 - https:\/\/yoast.com\/wordpress\/plugins\/seo\/ -->\n<title>E-Books &amp; Kataloge f\u00fcr das Verpacken von Lebensmitteln - RAUSCH-Blog<\/title>\n<meta name=\"description\" content=\"Sie interessieren sich f\u00fcr das Verpacken von Lebensmitteln und st\u00f6bern gerne durch digitale PDFs oder Bl\u00e4tterkataloge? Dann sind Sie bei RAUSCH genau richtig!\" \/>\n<meta name=\"robots\" content=\"index, follow, max-snippet:-1, max-image-preview:large, max-video-preview:-1\" \/>\n<link rel=\"canonical\" href=\"https:\/\/www.rausch-packaging.com\/blog\/ch_de\/kataloge\/\" \/>\n<meta property=\"og:locale\" content=\"de_DE\" \/>\n<meta property=\"og:type\" content=\"article\" \/>\n<meta property=\"og:title\" content=\"E-Books &amp; Kataloge f\u00fcr das Verpacken von Lebensmitteln - RAUSCH-Blog\" \/>\n<meta property=\"og:description\" content=\"Sie interessieren sich f\u00fcr das Verpacken von Lebensmitteln und st\u00f6bern gerne durch digitale PDFs oder Bl\u00e4tterkataloge? Dann sind Sie bei RAUSCH genau richtig!\" \/>\n<meta property=\"og:url\" content=\"https:\/\/www.rausch-packaging.com\/blog\/ch_de\/kataloge\/\" \/>\n<meta property=\"og:site_name\" content=\"RAUSCH-Blog\" \/>\n<meta property=\"article:modified_time\" content=\"2025-10-21T11:10:56+00:00\" \/>\n<meta property=\"og:image\" content=\"https:\/\/www.rausch-packaging.com\/blog\/wp-content\/uploads\/2021\/03\/hb_neuer-hauptkatalog-rausch.jpg\" \/>\n\t<meta property=\"og:image:width\" content=\"840\" \/>\n\t<meta property=\"og:image:height\" content=\"559\" \/>\n\t<meta property=\"og:image:type\" content=\"image\/jpeg\" \/>\n<meta name=\"twitter:card\" content=\"summary_large_image\" \/>\n<meta name=\"twitter:label1\" content=\"Gesch\u00e4tzte Lesezeit\" \/>\n\t<meta name=\"twitter:data1\" content=\"4\u00a0Minuten\" \/>\n<script type=\"application\/ld+json\" class=\"yoast-schema-graph\">{\"@context\":\"https:\/\/schema.org\",\"@graph\":[{\"@type\":\"WebPage\",\"@id\":\"https:\/\/www.rausch-packaging.com\/blog\/ch_de\/kataloge\/\",\"url\":\"https:\/\/www.rausch-packaging.com\/blog\/ch_de\/kataloge\/\",\"name\":\"E-Books & Kataloge f\u00fcr das Verpacken von Lebensmitteln - RAUSCH-Blog\",\"isPartOf\":{\"@id\":\"https:\/\/www.rausch-packaging.com\/blog\/ch_de\/#website\"},\"primaryImageOfPage\":{\"@id\":\"https:\/\/www.rausch-packaging.com\/blog\/ch_de\/kataloge\/#primaryimage\"},\"image\":{\"@id\":\"https:\/\/www.rausch-packaging.com\/blog\/ch_de\/kataloge\/#primaryimage\"},\"thumbnailUrl\":\"https:\/\/www.rausch-packaging.com\/blog\/wp-content\/uploads\/2021\/03\/hb_neuer-hauptkatalog-rausch.jpg\",\"datePublished\":\"2022-03-07T14:31:01+00:00\",\"dateModified\":\"2025-10-21T11:10:56+00:00\",\"description\":\"Sie interessieren sich f\u00fcr das Verpacken von Lebensmitteln und st\u00f6bern gerne durch digitale PDFs oder Bl\u00e4tterkataloge? Dann sind Sie bei RAUSCH genau richtig!\",\"breadcrumb\":{\"@id\":\"https:\/\/www.rausch-packaging.com\/blog\/ch_de\/kataloge\/#breadcrumb\"},\"inLanguage\":\"de-CH\",\"potentialAction\":[{\"@type\":\"ReadAction\",\"target\":[\"https:\/\/www.rausch-packaging.com\/blog\/ch_de\/kataloge\/\"]}]},{\"@type\":\"ImageObject\",\"inLanguage\":\"de-CH\",\"@id\":\"https:\/\/www.rausch-packaging.com\/blog\/ch_de\/kataloge\/#primaryimage\",\"url\":\"https:\/\/www.rausch-packaging.com\/blog\/wp-content\/uploads\/2021\/03\/hb_neuer-hauptkatalog-rausch.jpg\",\"contentUrl\":\"https:\/\/www.rausch-packaging.com\/blog\/wp-content\/uploads\/2021\/03\/hb_neuer-hauptkatalog-rausch.jpg\",\"width\":840,\"height\":559,\"caption\":\"Der neue RAUSCH-Katalog\"},{\"@type\":\"BreadcrumbList\",\"@id\":\"https:\/\/www.rausch-packaging.com\/blog\/ch_de\/kataloge\/#breadcrumb\",\"itemListElement\":[{\"@type\":\"ListItem\",\"position\":1,\"name\":\"Startseite\",\"item\":\"https:\/\/www.rausch-packaging.com\/blog\/ch_de\/\"},{\"@type\":\"ListItem\",\"position\":2,\"name\":\"E-Books &#038; Kataloge\"}]},{\"@type\":\"WebSite\",\"@id\":\"https:\/\/www.rausch-packaging.com\/blog\/ch_de\/#website\",\"url\":\"https:\/\/www.rausch-packaging.com\/blog\/ch_de\/\",\"name\":\"RAUSCH-Blog\",\"description\":\"\",\"publisher\":{\"@id\":\"https:\/\/www.rausch-packaging.com\/blog\/ch_de\/#organization\"},\"potentialAction\":[{\"@type\":\"SearchAction\",\"target\":{\"@type\":\"EntryPoint\",\"urlTemplate\":\"https:\/\/www.rausch-packaging.com\/blog\/ch_de\/?s={search_term_string}\"},\"query-input\":{\"@type\":\"PropertyValueSpecification\",\"valueRequired\":true,\"valueName\":\"search_term_string\"}}],\"inLanguage\":\"de-CH\"},{\"@type\":\"Organization\",\"@id\":\"https:\/\/www.rausch-packaging.com\/blog\/ch_de\/#organization\",\"name\":\"Rausch Verpackung\",\"url\":\"https:\/\/www.rausch-packaging.com\/blog\/ch_de\/\",\"logo\":{\"@type\":\"ImageObject\",\"inLanguage\":\"de-CH\",\"@id\":\"https:\/\/www.rausch-packaging.com\/blog\/ch_de\/#\/schema\/logo\/image\/\",\"url\":\"https:\/\/www.rausch-packaging.com\/blog\/wp-content\/uploads\/2022\/04\/rausch-logo.svg\",\"contentUrl\":\"https:\/\/www.rausch-packaging.com\/blog\/wp-content\/uploads\/2022\/04\/rausch-logo.svg\",\"width\":1,\"height\":1,\"caption\":\"Rausch Verpackung\"},\"image\":{\"@id\":\"https:\/\/www.rausch-packaging.com\/blog\/ch_de\/#\/schema\/logo\/image\/\"}}]}<\/script>\n<!-- \/ Yoast SEO plugin. -->","yoast_head_json":{"title":"E-Books & Kataloge f\u00fcr das Verpacken von Lebensmitteln - RAUSCH-Blog","description":"Sie interessieren sich f\u00fcr das Verpacken von Lebensmitteln und st\u00f6bern gerne durch digitale PDFs oder Bl\u00e4tterkataloge? Dann sind Sie bei RAUSCH genau richtig!","robots":{"index":"index","follow":"follow","max-snippet":"max-snippet:-1","max-image-preview":"max-image-preview:large","max-video-preview":"max-video-preview:-1"},"canonical":"https:\/\/www.rausch-packaging.com\/blog\/ch_de\/kataloge\/","og_locale":"de_DE","og_type":"article","og_title":"E-Books & Kataloge f\u00fcr das Verpacken von Lebensmitteln - RAUSCH-Blog","og_description":"Sie interessieren sich f\u00fcr das Verpacken von Lebensmitteln und st\u00f6bern gerne durch digitale PDFs oder Bl\u00e4tterkataloge? Dann sind Sie bei RAUSCH genau richtig!","og_url":"https:\/\/www.rausch-packaging.com\/blog\/ch_de\/kataloge\/","og_site_name":"RAUSCH-Blog","article_modified_time":"2025-10-21T11:10:56+00:00","og_image":[{"width":840,"height":559,"url":"https:\/\/www.rausch-packaging.com\/blog\/wp-content\/uploads\/2021\/03\/hb_neuer-hauptkatalog-rausch.jpg","type":"image\/jpeg"}],"twitter_card":"summary_large_image","twitter_misc":{"Gesch\u00e4tzte Lesezeit":"4\u00a0Minuten"},"schema":{"@context":"https:\/\/schema.org","@graph":[{"@type":"WebPage","@id":"https:\/\/www.rausch-packaging.com\/blog\/ch_de\/kataloge\/","url":"https:\/\/www.rausch-packaging.com\/blog\/ch_de\/kataloge\/","name":"E-Books & Kataloge f\u00fcr das Verpacken von Lebensmitteln - RAUSCH-Blog","isPartOf":{"@id":"https:\/\/www.rausch-packaging.com\/blog\/ch_de\/#website"},"primaryImageOfPage":{"@id":"https:\/\/www.rausch-packaging.com\/blog\/ch_de\/kataloge\/#primaryimage"},"image":{"@id":"https:\/\/www.rausch-packaging.com\/blog\/ch_de\/kataloge\/#primaryimage"},"thumbnailUrl":"https:\/\/www.rausch-packaging.com\/blog\/wp-content\/uploads\/2021\/03\/hb_neuer-hauptkatalog-rausch.jpg","datePublished":"2022-03-07T14:31:01+00:00","dateModified":"2025-10-21T11:10:56+00:00","description":"Sie interessieren sich f\u00fcr das Verpacken von Lebensmitteln und st\u00f6bern gerne durch digitale PDFs oder Bl\u00e4tterkataloge? Dann sind Sie bei RAUSCH genau richtig!","breadcrumb":{"@id":"https:\/\/www.rausch-packaging.com\/blog\/ch_de\/kataloge\/#breadcrumb"},"inLanguage":"de-CH","potentialAction":[{"@type":"ReadAction","target":["https:\/\/www.rausch-packaging.com\/blog\/ch_de\/kataloge\/"]}]},{"@type":"ImageObject","inLanguage":"de-CH","@id":"https:\/\/www.rausch-packaging.com\/blog\/ch_de\/kataloge\/#primaryimage","url":"https:\/\/www.rausch-packaging.com\/blog\/wp-content\/uploads\/2021\/03\/hb_neuer-hauptkatalog-rausch.jpg","contentUrl":"https:\/\/www.rausch-packaging.com\/blog\/wp-content\/uploads\/2021\/03\/hb_neuer-hauptkatalog-rausch.jpg","width":840,"height":559,"caption":"Der neue RAUSCH-Katalog"},{"@type":"BreadcrumbList","@id":"https:\/\/www.rausch-packaging.com\/blog\/ch_de\/kataloge\/#breadcrumb","itemListElement":[{"@type":"ListItem","position":1,"name":"Startseite","item":"https:\/\/www.rausch-packaging.com\/blog\/ch_de\/"},{"@type":"ListItem","position":2,"name":"E-Books &#038; Kataloge"}]},{"@type":"WebSite","@id":"https:\/\/www.rausch-packaging.com\/blog\/ch_de\/#website","url":"https:\/\/www.rausch-packaging.com\/blog\/ch_de\/","name":"RAUSCH-Blog","description":"","publisher":{"@id":"https:\/\/www.rausch-packaging.com\/blog\/ch_de\/#organization"},"potentialAction":[{"@type":"SearchAction","target":{"@type":"EntryPoint","urlTemplate":"https:\/\/www.rausch-packaging.com\/blog\/ch_de\/?s={search_term_string}"},"query-input":{"@type":"PropertyValueSpecification","valueRequired":true,"valueName":"search_term_string"}}],"inLanguage":"de-CH"},{"@type":"Organization","@id":"https:\/\/www.rausch-packaging.com\/blog\/ch_de\/#organization","name":"Rausch Verpackung","url":"https:\/\/www.rausch-packaging.com\/blog\/ch_de\/","logo":{"@type":"ImageObject","inLanguage":"de-CH","@id":"https:\/\/www.rausch-packaging.com\/blog\/ch_de\/#\/schema\/logo\/image\/","url":"https:\/\/www.rausch-packaging.com\/blog\/wp-content\/uploads\/2022\/04\/rausch-logo.svg","contentUrl":"https:\/\/www.rausch-packaging.com\/blog\/wp-content\/uploads\/2022\/04\/rausch-logo.svg","width":1,"height":1,"caption":"Rausch Verpackung"},"image":{"@id":"https:\/\/www.rausch-packaging.com\/blog\/ch_de\/#\/schema\/logo\/image\/"}}]}},"_links":{"self":[{"href":"https:\/\/www.rausch-packaging.com\/blog\/ch_de\/wp-json\/wp\/v2\/pages\/9143","targetHints":{"allow":["GET"]}}],"collection":[{"href":"https:\/\/www.rausch-packaging.com\/blog\/ch_de\/wp-json\/wp\/v2\/pages"}],"about":[{"href":"https:\/\/www.rausch-packaging.com\/blog\/ch_de\/wp-json\/wp\/v2\/types\/page"}],"author":[{"embeddable":true,"href":"https:\/\/www.rausch-packaging.com\/blog\/ch_de\/wp-json\/wp\/v2\/users\/12"}],"replies":[{"embeddable":true,"href":"https:\/\/www.rausch-packaging.com\/blog\/ch_de\/wp-json\/wp\/v2\/comments?post=9143"}],"version-history":[{"count":8,"href":"https:\/\/www.rausch-packaging.com\/blog\/ch_de\/wp-json\/wp\/v2\/pages\/9143\/revisions"}],"predecessor-version":[{"id":18868,"href":"https:\/\/www.rausch-packaging.com\/blog\/ch_de\/wp-json\/wp\/v2\/pages\/9143\/revisions\/18868"}],"wp:featuredmedia":[{"embeddable":true,"href":"https:\/\/www.rausch-packaging.com\/blog\/ch_de\/wp-json\/wp\/v2\/media\/6491"}],"wp:attachment":[{"href":"https:\/\/www.rausch-packaging.com\/blog\/ch_de\/wp-json\/wp\/v2\/media?parent=9143"}],"curies":[{"name":"wp","href":"https:\/\/api.w.org\/{rel}","templated":true}]}}