{"id":696,"date":"2019-12-20T12:20:40","date_gmt":"2019-12-20T11:20:40","guid":{"rendered":"https:\/\/www.rausch-packaging.com\/blog\/?page_id=696"},"modified":"2025-10-20T11:03:47","modified_gmt":"2025-10-20T09:03:47","slug":"impressum","status":"publish","type":"page","link":"https:\/\/www.rausch-packaging.com\/blog\/de\/impressum\/","title":{"rendered":"Impressum"},"content":{"rendered":"<div class=\"wpb-content-wrapper\"><p>[vc_row][vc_column][vc_column_text css=&#8220;&#8220;]<\/p>\n<h2>Impressum<\/h2>\n<h3>Anschrift<\/h3>\n<p><strong>RAUSCH Packaging \u2013 ein Bereich der MEDEWO GmbH<br \/>\n<\/strong>Vertretungsberechtigt: Michael Villiger, Gesch\u00e4ftsf\u00fchrung MEDEWO-Gruppe<br \/>\nEndorferstra\u00dfe 5<br \/>\n86167 Augsburg<br \/>\nDeutschland<\/p>\n<h3>Kontakt<\/h3>\n<p>T. 0821 79 603 60<\/p>\n<p>E-Mail: <a href=\"mailto:office@rausch-packaging.de\">office@rausch-packaging.de<\/a><br \/>\nInternet: <a href=\"https:\/\/www.rausch-packaging.com\/de\/\">www.rausch-packaging.com<\/a><\/p>\n<p>USt-IdNr.: DE 81 29 84 579<\/p>\n<p>Registergericht: Amtsgericht Augsburg<br \/>\nHandelsregister Registernummer: HRB 27086<\/p>\n<p>Verantwortlich f\u00fcr den Inhalt dieses Angebots gem. \u00a7 18 Abs. 2 MStV:<br \/>\nMichael Villiger, Endorferstra\u00dfe 5, 86167 Augsburg[\/vc_column_text][\/vc_column][\/vc_row]<\/p>\n<\/div>","protected":false},"excerpt":{"rendered":"<p>[vc_row][vc_column][vc_column_text css=&#8220;&#8220;] Impressum Anschrift RAUSCH Packaging \u2013 ein Bereich der MEDEWO GmbH Vertretungsberechtigt: , Gesch\u00e4ftsf\u00fchrung MEDEWO-Gruppe Endorferstra\u00dfe 5 86167 Augsburg Deutschland Kontakt T. E-Mail: office@rausch-packaging.de Internet: www.rausch-packaging.com USt-IdNr.: DE 81 29 84 579 Registergericht: Amtsgericht Augsburg Handelsregister Registernummer: HRB 27086 Verantwortlich f\u00fcr den Inhalt dieses Angebots gem. \u00a7 18 Abs. 2 MStV: , Endorferstra\u00dfe 5,&hellip;<\/p>\n","protected":false},"author":1,"featured_media":0,"parent":0,"menu_order":0,"comment_status":"closed","ping_status":"closed","template":"","meta":{"footnotes":""},"class_list":["post-696","page","type-page","status-publish","hentry","description-off"],"yoast_head":"<!-- This site is optimized with the Yoast SEO plugin v26.4 - https:\/\/yoast.com\/wordpress\/plugins\/seo\/ -->\n<title>Impressum - RAUSCH-Blog<\/title>\n<meta name=\"description\" content=\"Der Blog von Rausch Verpackungen gibt Ihnen interessante Einblicke in Materialien und Verpackungswissen bis hin zu Geschenktipps und Nachhaltigkeit\" \/>\n<meta name=\"robots\" content=\"index, follow, max-snippet:-1, max-image-preview:large, max-video-preview:-1\" \/>\n<link rel=\"canonical\" href=\"https:\/\/www.rausch-packaging.com\/blog\/de\/impressum\/\" \/>\n<meta property=\"og:locale\" content=\"de_DE\" \/>\n<meta property=\"og:type\" content=\"article\" \/>\n<meta property=\"og:title\" content=\"Impressum - RAUSCH-Blog\" \/>\n<meta property=\"og:description\" content=\"Der Blog von Rausch Verpackungen gibt Ihnen interessante Einblicke in Materialien und Verpackungswissen bis hin zu Geschenktipps und Nachhaltigkeit\" \/>\n<meta property=\"og:url\" content=\"https:\/\/www.rausch-packaging.com\/blog\/de\/impressum\/\" \/>\n<meta property=\"og:site_name\" content=\"RAUSCH-Blog\" \/>\n<meta property=\"article:modified_time\" content=\"2025-10-20T09:03:47+00:00\" \/>\n<meta name=\"twitter:card\" content=\"summary_large_image\" \/>\n<meta name=\"twitter:label1\" content=\"Gesch\u00e4tzte Lesezeit\" \/>\n\t<meta name=\"twitter:data1\" content=\"1\u00a0Minute\" \/>\n<script type=\"application\/ld+json\" class=\"yoast-schema-graph\">{\"@context\":\"https:\/\/schema.org\",\"@graph\":[{\"@type\":\"WebPage\",\"@id\":\"https:\/\/www.rausch-packaging.com\/blog\/de\/impressum\/\",\"url\":\"https:\/\/www.rausch-packaging.com\/blog\/de\/impressum\/\",\"name\":\"Impressum - RAUSCH-Blog\",\"isPartOf\":{\"@id\":\"https:\/\/www.rausch-packaging.com\/blog\/de\/#website\"},\"datePublished\":\"2019-12-20T11:20:40+00:00\",\"dateModified\":\"2025-10-20T09:03:47+00:00\",\"description\":\"Der Blog von Rausch Verpackungen gibt Ihnen interessante Einblicke in Materialien und Verpackungswissen bis hin zu Geschenktipps und Nachhaltigkeit\",\"breadcrumb\":{\"@id\":\"https:\/\/www.rausch-packaging.com\/blog\/de\/impressum\/#breadcrumb\"},\"inLanguage\":\"de\",\"potentialAction\":[{\"@type\":\"ReadAction\",\"target\":[\"https:\/\/www.rausch-packaging.com\/blog\/de\/impressum\/\"]}]},{\"@type\":\"BreadcrumbList\",\"@id\":\"https:\/\/www.rausch-packaging.com\/blog\/de\/impressum\/#breadcrumb\",\"itemListElement\":[{\"@type\":\"ListItem\",\"position\":1,\"name\":\"Startseite\",\"item\":\"https:\/\/www.rausch-packaging.com\/blog\/de\/\"},{\"@type\":\"ListItem\",\"position\":2,\"name\":\"Impressum\"}]},{\"@type\":\"WebSite\",\"@id\":\"https:\/\/www.rausch-packaging.com\/blog\/de\/#website\",\"url\":\"https:\/\/www.rausch-packaging.com\/blog\/de\/\",\"name\":\"RAUSCH-Blog\",\"description\":\"\",\"publisher\":{\"@id\":\"https:\/\/www.rausch-packaging.com\/blog\/de\/#organization\"},\"potentialAction\":[{\"@type\":\"SearchAction\",\"target\":{\"@type\":\"EntryPoint\",\"urlTemplate\":\"https:\/\/www.rausch-packaging.com\/blog\/de\/?s={search_term_string}\"},\"query-input\":{\"@type\":\"PropertyValueSpecification\",\"valueRequired\":true,\"valueName\":\"search_term_string\"}}],\"inLanguage\":\"de\"},{\"@type\":\"Organization\",\"@id\":\"https:\/\/www.rausch-packaging.com\/blog\/de\/#organization\",\"name\":\"Rausch Verpackung\",\"url\":\"https:\/\/www.rausch-packaging.com\/blog\/de\/\",\"logo\":{\"@type\":\"ImageObject\",\"inLanguage\":\"de\",\"@id\":\"https:\/\/www.rausch-packaging.com\/blog\/de\/#\/schema\/logo\/image\/\",\"url\":\"https:\/\/www.rausch-packaging.com\/blog\/wp-content\/uploads\/2022\/04\/rausch-logo.svg\",\"contentUrl\":\"https:\/\/www.rausch-packaging.com\/blog\/wp-content\/uploads\/2022\/04\/rausch-logo.svg\",\"width\":1,\"height\":1,\"caption\":\"Rausch Verpackung\"},\"image\":{\"@id\":\"https:\/\/www.rausch-packaging.com\/blog\/de\/#\/schema\/logo\/image\/\"}}]}<\/script>\n<!-- \/ Yoast SEO plugin. -->","yoast_head_json":{"title":"Impressum - RAUSCH-Blog","description":"Der Blog von Rausch Verpackungen gibt Ihnen interessante Einblicke in Materialien und Verpackungswissen bis hin zu Geschenktipps und Nachhaltigkeit","robots":{"index":"index","follow":"follow","max-snippet":"max-snippet:-1","max-image-preview":"max-image-preview:large","max-video-preview":"max-video-preview:-1"},"canonical":"https:\/\/www.rausch-packaging.com\/blog\/de\/impressum\/","og_locale":"de_DE","og_type":"article","og_title":"Impressum - RAUSCH-Blog","og_description":"Der Blog von Rausch Verpackungen gibt Ihnen interessante Einblicke in Materialien und Verpackungswissen bis hin zu Geschenktipps und Nachhaltigkeit","og_url":"https:\/\/www.rausch-packaging.com\/blog\/de\/impressum\/","og_site_name":"RAUSCH-Blog","article_modified_time":"2025-10-20T09:03:47+00:00","twitter_card":"summary_large_image","twitter_misc":{"Gesch\u00e4tzte Lesezeit":"1\u00a0Minute"},"schema":{"@context":"https:\/\/schema.org","@graph":[{"@type":"WebPage","@id":"https:\/\/www.rausch-packaging.com\/blog\/de\/impressum\/","url":"https:\/\/www.rausch-packaging.com\/blog\/de\/impressum\/","name":"Impressum - RAUSCH-Blog","isPartOf":{"@id":"https:\/\/www.rausch-packaging.com\/blog\/de\/#website"},"datePublished":"2019-12-20T11:20:40+00:00","dateModified":"2025-10-20T09:03:47+00:00","description":"Der Blog von Rausch Verpackungen gibt Ihnen interessante Einblicke in Materialien und Verpackungswissen bis hin zu Geschenktipps und Nachhaltigkeit","breadcrumb":{"@id":"https:\/\/www.rausch-packaging.com\/blog\/de\/impressum\/#breadcrumb"},"inLanguage":"de","potentialAction":[{"@type":"ReadAction","target":["https:\/\/www.rausch-packaging.com\/blog\/de\/impressum\/"]}]},{"@type":"BreadcrumbList","@id":"https:\/\/www.rausch-packaging.com\/blog\/de\/impressum\/#breadcrumb","itemListElement":[{"@type":"ListItem","position":1,"name":"Startseite","item":"https:\/\/www.rausch-packaging.com\/blog\/de\/"},{"@type":"ListItem","position":2,"name":"Impressum"}]},{"@type":"WebSite","@id":"https:\/\/www.rausch-packaging.com\/blog\/de\/#website","url":"https:\/\/www.rausch-packaging.com\/blog\/de\/","name":"RAUSCH-Blog","description":"","publisher":{"@id":"https:\/\/www.rausch-packaging.com\/blog\/de\/#organization"},"potentialAction":[{"@type":"SearchAction","target":{"@type":"EntryPoint","urlTemplate":"https:\/\/www.rausch-packaging.com\/blog\/de\/?s={search_term_string}"},"query-input":{"@type":"PropertyValueSpecification","valueRequired":true,"valueName":"search_term_string"}}],"inLanguage":"de"},{"@type":"Organization","@id":"https:\/\/www.rausch-packaging.com\/blog\/de\/#organization","name":"Rausch Verpackung","url":"https:\/\/www.rausch-packaging.com\/blog\/de\/","logo":{"@type":"ImageObject","inLanguage":"de","@id":"https:\/\/www.rausch-packaging.com\/blog\/de\/#\/schema\/logo\/image\/","url":"https:\/\/www.rausch-packaging.com\/blog\/wp-content\/uploads\/2022\/04\/rausch-logo.svg","contentUrl":"https:\/\/www.rausch-packaging.com\/blog\/wp-content\/uploads\/2022\/04\/rausch-logo.svg","width":1,"height":1,"caption":"Rausch Verpackung"},"image":{"@id":"https:\/\/www.rausch-packaging.com\/blog\/de\/#\/schema\/logo\/image\/"}}]}},"_links":{"self":[{"href":"https:\/\/www.rausch-packaging.com\/blog\/de\/wp-json\/wp\/v2\/pages\/696","targetHints":{"allow":["GET"]}}],"collection":[{"href":"https:\/\/www.rausch-packaging.com\/blog\/de\/wp-json\/wp\/v2\/pages"}],"about":[{"href":"https:\/\/www.rausch-packaging.com\/blog\/de\/wp-json\/wp\/v2\/types\/page"}],"author":[{"embeddable":true,"href":"https:\/\/www.rausch-packaging.com\/blog\/de\/wp-json\/wp\/v2\/users\/1"}],"replies":[{"embeddable":true,"href":"https:\/\/www.rausch-packaging.com\/blog\/de\/wp-json\/wp\/v2\/comments?post=696"}],"version-history":[{"count":10,"href":"https:\/\/www.rausch-packaging.com\/blog\/de\/wp-json\/wp\/v2\/pages\/696\/revisions"}],"predecessor-version":[{"id":18850,"href":"https:\/\/www.rausch-packaging.com\/blog\/de\/wp-json\/wp\/v2\/pages\/696\/revisions\/18850"}],"wp:attachment":[{"href":"https:\/\/www.rausch-packaging.com\/blog\/de\/wp-json\/wp\/v2\/media?parent=696"}],"curies":[{"name":"wp","href":"https:\/\/api.w.org\/{rel}","templated":true}]}}