{"id":8092,"date":"2021-08-20T15:55:42","date_gmt":"2021-08-20T13:55:42","guid":{"rendered":"https:\/\/www.rausch-packaging.com\/blog\/?page_id=8092"},"modified":"2022-02-15T14:53:41","modified_gmt":"2022-02-15T13:53:41","slug":"ratgeber-street-food-verpackungen","status":"publish","type":"page","link":"https:\/\/www.rausch-packaging.com\/blog\/de\/ratgeber-street-food-verpackungen\/","title":{"rendered":"Die perfekte Street-Food-Verpackung f\u00fcr \u00abto go\u00bb finden"},"content":{"rendered":"<div class=\"wpb-content-wrapper\"><p>[vc_row][vc_column][vc_row_inner][vc_column_inner offset=&#8220;vc_hidden-lg vc_hidden-md vc_hidden-sm&#8220;][vc_empty_space height=&#8220;20px&#8220;][\/vc_column_inner][\/vc_row_inner][vc_row_inner][vc_column_inner offset=&#8220;vc_hidden-xs&#8220;][vc_empty_space height=&#8220;80px&#8220;][\/vc_column_inner][\/vc_row_inner][vc_column_text]<\/p>\n<h1>Gratis-Ratgeber: Clevere Street-Food-Verpackungen f\u00fcr das \u00abTo-Go\u00bb-Gesch\u00e4ft<\/h1>\n<p>[\/vc_column_text][\/vc_column][\/vc_row][vc_row css=&#8220;.vc_custom_1620289144082{margin-top: 25px !important;margin-bottom: 25px !important;}&#8220;][vc_column][vc_single_image image=&#8220;8108&#8243; img_size=&#8220;full&#8220;][\/vc_column][\/vc_row][vc_row][vc_column][vc_custom_heading text=&#8220;Gratis Handbuch f\u00fcr Food Trucks, den Stra\u00dfenverkauf &amp; Co.&#8220; use_theme_fonts=&#8220;yes&#8220;][vc_column_text css=&#8220;.vc_custom_1582882330565{margin-bottom: 20px !important;border-bottom-width: 20px !important;padding-bottom: 20px !important;}&#8220;]<strong>Wer Essen und Getr\u00e4nke im Stra\u00dfenverkauf oder auf Street Food Festivals bzw. Street Food Markets anbietet, wei\u00df: Ohne eine Verpackung ist das undenkbar! Umso wichtiger ist es, aus dem vielf\u00e4ltigen Angebot die optimale zu w\u00e4hlen. In unserem kostenlosen Whitepaper erfahren Sie, worauf es bei der Verpackung f\u00fcr Ihre \u00abTo-Go\u00bb-Speisen ankommt.<\/strong>[\/vc_column_text][vc_column_text]Eine ideale Verpackung nimmt f\u00fcr Sie als Street-Food-Verk\u00e4ufer von Food Trucks, Imbissen und Co. viele Aufgaben wahr: Sie erm\u00f6glicht zum einen, dass Ihre G\u00e4ste die Kreationen an Ihrem mobilen Stand, Food Truck oder \u00abto-go\u00bb verzehren k\u00f6nnen. Zudem r\u00fcckt sie Ihr Angebot optimal in Szene, erleichtert Ihnen die Abl\u00e4ufe bei der Essensausgabe und steigert Ihren Wiedererkennungswert. Doch mit welcher Verpackung machen Sie sich all diese Eigenschaften zunutze?[\/vc_column_text][vc_separator css=&#8220;.vc_custom_1582733219737{margin-top: 10px !important;margin-bottom: 10px !important;border-top-width: 10px !important;border-bottom-width: 10px !important;padding-top: 10px !important;padding-bottom: 10px !important;}&#8220;][\/vc_column][\/vc_row][vc_row css=&#8220;.vc_custom_1620301932816{margin-top: 25px !important;margin-bottom: 25px !important;}&#8220;][vc_column][vc_column_text]<\/p>\n<h3>\u2714 Laden Sie den kostenlosen PDF-Ratgeber herunter und erfahren Sie,\u2026 :<\/h3>\n<p>[\/vc_column_text][\/vc_column][\/vc_row][vc_row][vc_column width=&#8220;2\/3&#8243;][vc_column_text]<\/p>\n<ul>\n<li>\u2026was eine Street-Food-Verpackung perfekt macht.<\/li>\n<li>\u2026welche Eigenschaften eine Street-Food-Verpackung bieten sollte.<\/li>\n<li>\u2026wie Ihnen eine Street-Food-Verpackung die Arbeit erleichtert.<\/li>\n<li>\u2026wie Sie nachhaltig und umweltbewusst verpacken.<\/li>\n<li>\u2026wie Sie durch individuelle Verpackungen Ihre Bekanntheit st\u00e4rken.<\/li>\n<\/ul>\n<p>[\/vc_column_text][vc_row_inner][vc_column_inner offset=&#8220;vc_hidden-xs&#8220;][vc_column_text css=&#8220;.vc_custom_1628169904342{margin-top: 25px !important;}&#8220;]<a href=\"#ebook\"><button class=\"dt-btn-s dt-btn post-details details-type-btn\" style=\"margin-right: 20px;\">Jetzt Ratgeber kostenlos anfordern<\/button><\/a> oder\u00a0 \u00a0<a href=\"#blick\">Blick in den Ratgeber werfen<\/a>[\/vc_column_text][vc_empty_space height=&#8220;25px&#8220;][\/vc_column_inner][\/vc_row_inner][vc_row_inner][vc_column_inner offset=&#8220;vc_hidden-lg vc_hidden-md vc_hidden-sm&#8220;][vc_column_text css=&#8220;.vc_custom_1628169925806{margin-top: 25px !important;}&#8220;]<a href=\"#ebook\"><button class=\"dt-btn-s dt-btn post-details details-type-btn\" style=\"margin-right: 20px;\">Jetzt Ratgeber kostenlos anfordern<\/button><\/a>[\/vc_column_text][vc_empty_space height=&#8220;10px&#8220;][vc_column_text css=&#8220;.vc_custom_1628169936691{margin-top: 25px !important;}&#8220;]oder <a href=\"#blick\">Blick ins Buch werfen<\/a>[\/vc_column_text][vc_empty_space height=&#8220;40px&#8220;][\/vc_column_inner][\/vc_row_inner][\/vc_column][vc_column width=&#8220;1\/3&#8243;][vc_single_image image=&#8220;2698&#8243; img_size=&#8220;medium&#8220; alignment=&#8220;center&#8220;][vc_empty_space height=&#8220;25px&#8220;][\/vc_column][\/vc_row][vc_row el_id=&#8220;blick-ins-buch&#8220;][vc_column][vc_column_text]<\/p>\n<h3><i class=\"fas fa-search\"><\/i> Ein Blick in den Ratgeber<\/h3>\n<p>[\/vc_column_text][\/vc_column][\/vc_row][vc_row el_id=&#8220;blick&#8220;][vc_column][vc_column_text css=&#8220;.vc_custom_1582882608736{margin-top: 10px !important;margin-bottom: 20px !important;border-top-width: 10px !important;border-bottom-width: 20px !important;padding-top: 10px !important;padding-bottom: 20px !important;}&#8220;]Anhand von Checklisten und \u00dcbersichten lesen Sie in unserem Whitepaper Schritt f\u00fcr Schritt, worauf es bei der Verpackungswahl ankommt. Lernen Sie auf acht Seiten die verschiedenen Eigenschaften und Merkmale von Verpackungen kennen, um zu entscheiden, welche f\u00fcr Sie am wichtigsten sind. Unser Ratgeber zeigt Ihnen zudem auf, wie Sie effizient, nachhaltig und werbewirksam verpacken. Praktische Tipps von den RAUSCH-Verpackungsprofis runden den Leitfaden ab.[\/vc_column_text][vc_empty_space height=&#8220;25px&#8220;][\/vc_column][\/vc_row][vc_row][vc_column width=&#8220;1\/3&#8243;][vc_empty_space height=&#8220;50px&#8220;][vc_single_image image=&#8220;8135&#8243; img_size=&#8220;full&#8220; onclick=&#8220;link_image&#8220;][vc_empty_space height=&#8220;50px&#8220;][\/vc_column][vc_column width=&#8220;1\/3&#8243;][vc_empty_space height=&#8220;50px&#8220;][vc_single_image image=&#8220;8132&#8243; img_size=&#8220;full&#8220; onclick=&#8220;link_image&#8220;][vc_empty_space height=&#8220;50px&#8220;][\/vc_column][vc_column width=&#8220;1\/3&#8243;][vc_empty_space height=&#8220;50px&#8220;][vc_single_image image=&#8220;8129&#8243; img_size=&#8220;full&#8220; onclick=&#8220;link_image&#8220;][vc_empty_space height=&#8220;50px&#8220;][\/vc_column][\/vc_row][vc_row][vc_column][vc_empty_space height=&#8220;25px&#8220;]<style type=\"text\/css\" data-type=\"the7_shortcodes-inline-css\">#default-btn-0664a2b3ea1bb7db0810ea5fced9e278.ico-right-side > i {\n  margin-right: 0px;\n  margin-left: 8px;\n}\n#default-btn-0664a2b3ea1bb7db0810ea5fced9e278 > i {\n  margin-right: 8px;\n}<\/style><a href=\"#ebook\" class=\"default-btn-shortcode dt-btn dt-btn-s link-hover-off dt-btn-s dt-btn post-details details-type-btn btn-inline-left \" id=\"default-btn-0664a2b3ea1bb7db0810ea5fced9e278\"><span>Jetzt Ratgeber gratis downloaden<\/span><\/a>[vc_empty_space height=&#8220;25px&#8220;][\/vc_column][\/vc_row][vc_row css=&#8220;.vc_custom_1620302198714{margin-top: 25px !important;margin-bottom: 25px !important;}&#8220;][vc_column][vc_empty_space height=&#8220;25px&#8220;][vc_column_text]<\/p>\n<h4>Ist der Ratgeber wirklich kostenlos?<\/h4>\n<p><strong>Ja!<\/strong> Wir teilen unser Wissen gern mit anderen und w\u00fcrden uns freuen, wenn es Ihnen und Ihrem Unternehmen hilft. Vielleicht denken Sie an uns, wenn Sie einmal Fragen zum Thema Verpackungen haben! Wir helfen Ihnen auch dabei sehr gerne weiter.[\/vc_column_text][vc_empty_space height=&#8220;25px&#8220;][\/vc_column][\/vc_row][vc_row css=&#8220;.vc_custom_1620050268992{margin-top: 50px !important;margin-bottom: 50px !important;}&#8220;][vc_column][vc_separator][\/vc_column][\/vc_row][vc_row css=&#8220;.vc_custom_1620744006317{margin-top: 50px !important;margin-bottom: 50px !important;}&#8220; el_id=&#8220;ebook&#8220;][vc_column][vc_column_text css=&#8220;.vc_custom_1628172008998{margin-top: 25px !important;margin-bottom: 25px !important;}&#8220;]<\/p>\n<div class=\"formularinfotext\">\n<h2><i class=\"fas fa-book\"><\/i> Hier Ratgeber kostenlos anfordern<\/h2>\n<\/div>\n<p>[\/vc_column_text][vc_column_text css=&#8220;.vc_custom_1628172000636{margin-bottom: 25px !important;}&#8220;]Einfach das Formular ausf\u00fcllen &amp; absenden &#8211; wir senden Ihnen anschlie\u00dfend eine E-Mail mit allen Infos zum Herunterladen des Ratgebers.[\/vc_column_text][vc_raw_html]JTVCY29udGFjdC1mb3JtLTclMjBpZCUzRCUyMjgxMTQlMjIlMjB0aXRsZSUzRCUyMlJhdGdlYmVyJTIwU3RyZWV0LUZvb2QlMjBWZXJwYWNrdW5nZW4lMjBGb3JtdWxhciUyMERFJTIyJTIwaHRtbF9pZCUzRCUyMmVib29rLWZvcm11bGFyJTIyJTVE[\/vc_raw_html][\/vc_column][\/vc_row][vc_row css=&#8220;.vc_custom_1620050268992{margin-top: 50px !important;margin-bottom: 50px !important;}&#8220;][vc_column][vc_separator][\/vc_column][\/vc_row][vc_row][vc_column offset=&#8220;vc_hidden-xs&#8220;][vc_single_image image=&#8220;1021&#8243; el_class=&#8220;infobox-badge&#8220;][vc_cta h2=&#8220;&#8220; css=&#8220;.vc_custom_1630322941381{margin-top: 20px !important;margin-bottom: 15px !important;padding-top: 30px !important;padding-right: 30px !important;padding-bottom: 30px !important;padding-left: 100px !important;background-color: #eaeaea !important;}&#8220;]<strong>Sie m\u00f6chten Ihr Logo auf Ihren Verpackungen optimal in Szene setzen? \u2013 Wir sind f\u00fcr Sie da!<br \/>\n<\/strong><\/p>\n<p>Kommen Sie auf uns zu und wir k\u00fcmmern uns gemeinsam mit Ihnen darum, Ihre Marke ideal auf Ihren Verpackungen zu pr\u00e4sentieren.<\/p>\n<p>&nbsp;<\/p>\n<p><a href=\"https:\/\/www.rausch-packaging.com\/blog\/de\/kontakt\/\"><button class=\"dt-btn-s dt-btn post-details details-type-btn white-btn\" style=\"margin-right: 10px;\">Kontakt aufnehmen<\/button><\/a> oder rufen Sie uns an unter <i class=\"fas fa-phone tel\"><\/i> <a style=\"color: #e30613; padding-bottom: 5px;\" href=\"tel:+498214370926781\">0821 4370 9267 81<\/a>[\/vc_cta][\/vc_column][\/vc_row][vc_row][vc_column offset=&#8220;vc_hidden-lg vc_hidden-md vc_hidden-sm&#8220;][vc_single_image image=&#8220;1021&#8243; el_class=&#8220;infobox-badge&#8220;][vc_cta h2=&#8220;&#8220; css=&#8220;.vc_custom_1630322951532{margin-top: 20px !important;margin-bottom: 15px !important;padding-top: 30px !important;padding-right: 30px !important;padding-bottom: 30px !important;padding-left: 100px !important;background-color: #eaeaea !important;}&#8220;]<strong>Sie brauchen Unterst\u00fctzung bei der Logogestaltung?<\/strong><\/p>\n<p>Kein Problem \u2013 kommen Sie auf uns zu und wir k\u00fcmmern uns darum, Ihre Marke ideal auf Ihren Verpackungen zu pr\u00e4sentieren.<\/p>\n<p>&nbsp;<\/p>\n<p><a href=\"https:\/\/www.rausch-packaging.com\/blog\/de\/kontakt\/\"><button class=\"dt-btn-s dt-btn post-details details-type-btn white-btn\" style=\"margin-right: 10px;\">Kontakt aufnehmen<\/button><\/a><\/p>\n<p>oder rufen Sie uns an unter<br \/>\n<i class=\"fas fa-phone tel\"><\/i> <a style=\"color: #e30613; padding-bottom: 5px;\" href=\"tel:+498214370926781\">0821 4370 9267 81<\/a>[\/vc_cta][\/vc_column][\/vc_row][vc_row][vc_column][vc_empty_space height=&#8220;50px&#8220;][\/vc_column][\/vc_row][vc_row][vc_column width=&#8220;2\/3&#8243;][vc_column_text]<\/p>\n<h3>Ihr Spezialist f\u00fcr Lebensmittelverpackungen \u2013 bereits seit 40 Jahren<\/h3>\n<p>Wenn Sie Snacks, Take-away oder andere Lebensmittel zum Verkauf anbieten, dann besuchen Sie doch direkt unseren <a href=\"https:\/\/www.rausch-packaging.com\/de\/\">Web-Shop<\/a> f\u00fcr Lebensmittel- und Serviceverpackungen oder <a href=\"https:\/\/www.rausch-packaging.com\/blog\/de\/kontakt\/\">kontaktieren<\/a> Sie uns f\u00fcr ein unverbindliches Beratungsgespr\u00e4ch.[\/vc_column_text][vc_empty_space][\/vc_column][vc_column width=&#8220;1\/3&#8243;][vc_single_image image=&#8220;8856&#8243; img_size=&#8220;full&#8220;][\/vc_column][\/vc_row]<\/p>\n<\/div>","protected":false},"excerpt":{"rendered":"<p>[vc_row][vc_column][vc_row_inner][vc_column_inner offset=&#8220;vc_hidden-lg vc_hidden-md vc_hidden-sm&#8220;][vc_empty_space height=&#8220;20px&#8220;][\/vc_column_inner][\/vc_row_inner][vc_row_inner][vc_column_inner offset=&#8220;vc_hidden-xs&#8220;][vc_empty_space height=&#8220;80px&#8220;][\/vc_column_inner][\/vc_row_inner][vc_column_text] Gratis-Ratgeber: Clevere Street-Food-Verpackungen f\u00fcr das \u00abTo-Go\u00bb-Gesch\u00e4ft [\/vc_column_text][\/vc_column][\/vc_row][vc_row css=&#8220;.vc_custom_1620289144082{margin-top: 25px !important;margin-bottom: 25px !important;}&#8220;][vc_column][vc_single_image image=&#8220;8108&#8243; img_size=&#8220;full&#8220;][\/vc_column][\/vc_row][vc_row][vc_column][vc_custom_heading text=&#8220;Gratis Handbuch f\u00fcr Food Trucks, den Stra\u00dfenverkauf &amp; Co.&#8220; use_theme_fonts=&#8220;yes&#8220;][vc_column_text css=&#8220;.vc_custom_1582882330565{margin-bottom: 20px !important;border-bottom-width: 20px !important;padding-bottom: 20px !important;}&#8220;]Wer Essen und Getr\u00e4nke im Stra\u00dfenverkauf oder auf Street Food Festivals bzw. Street Food Markets anbietet, wei\u00df: Ohne&hellip;<\/p>\n","protected":false},"author":12,"featured_media":5170,"parent":0,"menu_order":0,"comment_status":"closed","ping_status":"closed","template":"","meta":{"footnotes":""},"class_list":["post-8092","page","type-page","status-publish","has-post-thumbnail","hentry","description-off"],"yoast_head":"<!-- This site is optimized with the Yoast SEO plugin v26.4 - https:\/\/yoast.com\/wordpress\/plugins\/seo\/ -->\n<title>Ratgeber: Die perfekte Street-Food-Verpackung - RAUSCH-Blog<\/title>\n<meta name=\"description\" content=\"Street Food ohne Verpackung? Undenkbar! In unserem kostenlosen Whitepaper erfahren Sie, worauf es bei der Verpackung f\u00fcr Ihre \u00abTo-Go\u00bb-Speisen ankommt\" \/>\n<meta name=\"robots\" content=\"index, follow, max-snippet:-1, max-image-preview:large, max-video-preview:-1\" \/>\n<link rel=\"canonical\" href=\"https:\/\/www.rausch-packaging.com\/blog\/de\/ratgeber-street-food-verpackungen\/\" \/>\n<meta property=\"og:locale\" content=\"de_DE\" \/>\n<meta property=\"og:type\" content=\"article\" \/>\n<meta property=\"og:title\" content=\"Ratgeber: Die perfekte Street-Food-Verpackung - RAUSCH-Blog\" \/>\n<meta property=\"og:description\" content=\"Street Food ohne Verpackung? Undenkbar! In unserem kostenlosen Whitepaper erfahren Sie, worauf es bei der Verpackung f\u00fcr Ihre \u00abTo-Go\u00bb-Speisen ankommt\" \/>\n<meta property=\"og:url\" content=\"https:\/\/www.rausch-packaging.com\/blog\/de\/ratgeber-street-food-verpackungen\/\" \/>\n<meta property=\"og:site_name\" content=\"RAUSCH-Blog\" \/>\n<meta property=\"article:modified_time\" content=\"2022-02-15T13:53:41+00:00\" \/>\n<meta property=\"og:image\" content=\"https:\/\/www.rausch-packaging.com\/blog\/wp-content\/uploads\/2019\/03\/hb_Whitepaper-Street-Food.jpg\" \/>\n\t<meta property=\"og:image:width\" content=\"840\" \/>\n\t<meta property=\"og:image:height\" content=\"559\" \/>\n\t<meta property=\"og:image:type\" content=\"image\/jpeg\" \/>\n<meta name=\"twitter:card\" content=\"summary_large_image\" \/>\n<meta name=\"twitter:label1\" content=\"Gesch\u00e4tzte Lesezeit\" \/>\n\t<meta name=\"twitter:data1\" content=\"3\u00a0Minuten\" \/>\n<script type=\"application\/ld+json\" class=\"yoast-schema-graph\">{\"@context\":\"https:\/\/schema.org\",\"@graph\":[{\"@type\":\"WebPage\",\"@id\":\"https:\/\/www.rausch-packaging.com\/blog\/de\/ratgeber-street-food-verpackungen\/\",\"url\":\"https:\/\/www.rausch-packaging.com\/blog\/de\/ratgeber-street-food-verpackungen\/\",\"name\":\"Ratgeber: Die perfekte Street-Food-Verpackung - RAUSCH-Blog\",\"isPartOf\":{\"@id\":\"https:\/\/www.rausch-packaging.com\/blog\/de\/#website\"},\"primaryImageOfPage\":{\"@id\":\"https:\/\/www.rausch-packaging.com\/blog\/de\/ratgeber-street-food-verpackungen\/#primaryimage\"},\"image\":{\"@id\":\"https:\/\/www.rausch-packaging.com\/blog\/de\/ratgeber-street-food-verpackungen\/#primaryimage\"},\"thumbnailUrl\":\"https:\/\/www.rausch-packaging.com\/blog\/wp-content\/uploads\/2019\/03\/hb_Whitepaper-Street-Food.jpg\",\"datePublished\":\"2021-08-20T13:55:42+00:00\",\"dateModified\":\"2022-02-15T13:53:41+00:00\",\"description\":\"Street Food ohne Verpackung? Undenkbar! In unserem kostenlosen Whitepaper erfahren Sie, worauf es bei der Verpackung f\u00fcr Ihre \u00abTo-Go\u00bb-Speisen ankommt\",\"breadcrumb\":{\"@id\":\"https:\/\/www.rausch-packaging.com\/blog\/de\/ratgeber-street-food-verpackungen\/#breadcrumb\"},\"inLanguage\":\"de\",\"potentialAction\":[{\"@type\":\"ReadAction\",\"target\":[\"https:\/\/www.rausch-packaging.com\/blog\/de\/ratgeber-street-food-verpackungen\/\"]}]},{\"@type\":\"ImageObject\",\"inLanguage\":\"de\",\"@id\":\"https:\/\/www.rausch-packaging.com\/blog\/de\/ratgeber-street-food-verpackungen\/#primaryimage\",\"url\":\"https:\/\/www.rausch-packaging.com\/blog\/wp-content\/uploads\/2019\/03\/hb_Whitepaper-Street-Food.jpg\",\"contentUrl\":\"https:\/\/www.rausch-packaging.com\/blog\/wp-content\/uploads\/2019\/03\/hb_Whitepaper-Street-Food.jpg\",\"width\":840,\"height\":559,\"caption\":\"Whitepaper Street-Food-Verpackungen\"},{\"@type\":\"BreadcrumbList\",\"@id\":\"https:\/\/www.rausch-packaging.com\/blog\/de\/ratgeber-street-food-verpackungen\/#breadcrumb\",\"itemListElement\":[{\"@type\":\"ListItem\",\"position\":1,\"name\":\"Startseite\",\"item\":\"https:\/\/www.rausch-packaging.com\/blog\/de\/\"},{\"@type\":\"ListItem\",\"position\":2,\"name\":\"Die perfekte Street-Food-Verpackung f\u00fcr \u00abto go\u00bb finden\"}]},{\"@type\":\"WebSite\",\"@id\":\"https:\/\/www.rausch-packaging.com\/blog\/de\/#website\",\"url\":\"https:\/\/www.rausch-packaging.com\/blog\/de\/\",\"name\":\"RAUSCH-Blog\",\"description\":\"\",\"publisher\":{\"@id\":\"https:\/\/www.rausch-packaging.com\/blog\/de\/#organization\"},\"potentialAction\":[{\"@type\":\"SearchAction\",\"target\":{\"@type\":\"EntryPoint\",\"urlTemplate\":\"https:\/\/www.rausch-packaging.com\/blog\/de\/?s={search_term_string}\"},\"query-input\":{\"@type\":\"PropertyValueSpecification\",\"valueRequired\":true,\"valueName\":\"search_term_string\"}}],\"inLanguage\":\"de\"},{\"@type\":\"Organization\",\"@id\":\"https:\/\/www.rausch-packaging.com\/blog\/de\/#organization\",\"name\":\"Rausch Verpackung\",\"url\":\"https:\/\/www.rausch-packaging.com\/blog\/de\/\",\"logo\":{\"@type\":\"ImageObject\",\"inLanguage\":\"de\",\"@id\":\"https:\/\/www.rausch-packaging.com\/blog\/de\/#\/schema\/logo\/image\/\",\"url\":\"https:\/\/www.rausch-packaging.com\/blog\/wp-content\/uploads\/2022\/04\/rausch-logo.svg\",\"contentUrl\":\"https:\/\/www.rausch-packaging.com\/blog\/wp-content\/uploads\/2022\/04\/rausch-logo.svg\",\"width\":1,\"height\":1,\"caption\":\"Rausch Verpackung\"},\"image\":{\"@id\":\"https:\/\/www.rausch-packaging.com\/blog\/de\/#\/schema\/logo\/image\/\"}}]}<\/script>\n<!-- \/ Yoast SEO plugin. -->","yoast_head_json":{"title":"Ratgeber: Die perfekte Street-Food-Verpackung - RAUSCH-Blog","description":"Street Food ohne Verpackung? Undenkbar! In unserem kostenlosen Whitepaper erfahren Sie, worauf es bei der Verpackung f\u00fcr Ihre \u00abTo-Go\u00bb-Speisen ankommt","robots":{"index":"index","follow":"follow","max-snippet":"max-snippet:-1","max-image-preview":"max-image-preview:large","max-video-preview":"max-video-preview:-1"},"canonical":"https:\/\/www.rausch-packaging.com\/blog\/de\/ratgeber-street-food-verpackungen\/","og_locale":"de_DE","og_type":"article","og_title":"Ratgeber: Die perfekte Street-Food-Verpackung - RAUSCH-Blog","og_description":"Street Food ohne Verpackung? Undenkbar! In unserem kostenlosen Whitepaper erfahren Sie, worauf es bei der Verpackung f\u00fcr Ihre \u00abTo-Go\u00bb-Speisen ankommt","og_url":"https:\/\/www.rausch-packaging.com\/blog\/de\/ratgeber-street-food-verpackungen\/","og_site_name":"RAUSCH-Blog","article_modified_time":"2022-02-15T13:53:41+00:00","og_image":[{"width":840,"height":559,"url":"https:\/\/www.rausch-packaging.com\/blog\/wp-content\/uploads\/2019\/03\/hb_Whitepaper-Street-Food.jpg","type":"image\/jpeg"}],"twitter_card":"summary_large_image","twitter_misc":{"Gesch\u00e4tzte Lesezeit":"3\u00a0Minuten"},"schema":{"@context":"https:\/\/schema.org","@graph":[{"@type":"WebPage","@id":"https:\/\/www.rausch-packaging.com\/blog\/de\/ratgeber-street-food-verpackungen\/","url":"https:\/\/www.rausch-packaging.com\/blog\/de\/ratgeber-street-food-verpackungen\/","name":"Ratgeber: Die perfekte Street-Food-Verpackung - RAUSCH-Blog","isPartOf":{"@id":"https:\/\/www.rausch-packaging.com\/blog\/de\/#website"},"primaryImageOfPage":{"@id":"https:\/\/www.rausch-packaging.com\/blog\/de\/ratgeber-street-food-verpackungen\/#primaryimage"},"image":{"@id":"https:\/\/www.rausch-packaging.com\/blog\/de\/ratgeber-street-food-verpackungen\/#primaryimage"},"thumbnailUrl":"https:\/\/www.rausch-packaging.com\/blog\/wp-content\/uploads\/2019\/03\/hb_Whitepaper-Street-Food.jpg","datePublished":"2021-08-20T13:55:42+00:00","dateModified":"2022-02-15T13:53:41+00:00","description":"Street Food ohne Verpackung? Undenkbar! In unserem kostenlosen Whitepaper erfahren Sie, worauf es bei der Verpackung f\u00fcr Ihre \u00abTo-Go\u00bb-Speisen ankommt","breadcrumb":{"@id":"https:\/\/www.rausch-packaging.com\/blog\/de\/ratgeber-street-food-verpackungen\/#breadcrumb"},"inLanguage":"de","potentialAction":[{"@type":"ReadAction","target":["https:\/\/www.rausch-packaging.com\/blog\/de\/ratgeber-street-food-verpackungen\/"]}]},{"@type":"ImageObject","inLanguage":"de","@id":"https:\/\/www.rausch-packaging.com\/blog\/de\/ratgeber-street-food-verpackungen\/#primaryimage","url":"https:\/\/www.rausch-packaging.com\/blog\/wp-content\/uploads\/2019\/03\/hb_Whitepaper-Street-Food.jpg","contentUrl":"https:\/\/www.rausch-packaging.com\/blog\/wp-content\/uploads\/2019\/03\/hb_Whitepaper-Street-Food.jpg","width":840,"height":559,"caption":"Whitepaper Street-Food-Verpackungen"},{"@type":"BreadcrumbList","@id":"https:\/\/www.rausch-packaging.com\/blog\/de\/ratgeber-street-food-verpackungen\/#breadcrumb","itemListElement":[{"@type":"ListItem","position":1,"name":"Startseite","item":"https:\/\/www.rausch-packaging.com\/blog\/de\/"},{"@type":"ListItem","position":2,"name":"Die perfekte Street-Food-Verpackung f\u00fcr \u00abto go\u00bb finden"}]},{"@type":"WebSite","@id":"https:\/\/www.rausch-packaging.com\/blog\/de\/#website","url":"https:\/\/www.rausch-packaging.com\/blog\/de\/","name":"RAUSCH-Blog","description":"","publisher":{"@id":"https:\/\/www.rausch-packaging.com\/blog\/de\/#organization"},"potentialAction":[{"@type":"SearchAction","target":{"@type":"EntryPoint","urlTemplate":"https:\/\/www.rausch-packaging.com\/blog\/de\/?s={search_term_string}"},"query-input":{"@type":"PropertyValueSpecification","valueRequired":true,"valueName":"search_term_string"}}],"inLanguage":"de"},{"@type":"Organization","@id":"https:\/\/www.rausch-packaging.com\/blog\/de\/#organization","name":"Rausch Verpackung","url":"https:\/\/www.rausch-packaging.com\/blog\/de\/","logo":{"@type":"ImageObject","inLanguage":"de","@id":"https:\/\/www.rausch-packaging.com\/blog\/de\/#\/schema\/logo\/image\/","url":"https:\/\/www.rausch-packaging.com\/blog\/wp-content\/uploads\/2022\/04\/rausch-logo.svg","contentUrl":"https:\/\/www.rausch-packaging.com\/blog\/wp-content\/uploads\/2022\/04\/rausch-logo.svg","width":1,"height":1,"caption":"Rausch Verpackung"},"image":{"@id":"https:\/\/www.rausch-packaging.com\/blog\/de\/#\/schema\/logo\/image\/"}}]}},"_links":{"self":[{"href":"https:\/\/www.rausch-packaging.com\/blog\/de\/wp-json\/wp\/v2\/pages\/8092","targetHints":{"allow":["GET"]}}],"collection":[{"href":"https:\/\/www.rausch-packaging.com\/blog\/de\/wp-json\/wp\/v2\/pages"}],"about":[{"href":"https:\/\/www.rausch-packaging.com\/blog\/de\/wp-json\/wp\/v2\/types\/page"}],"author":[{"embeddable":true,"href":"https:\/\/www.rausch-packaging.com\/blog\/de\/wp-json\/wp\/v2\/users\/12"}],"replies":[{"embeddable":true,"href":"https:\/\/www.rausch-packaging.com\/blog\/de\/wp-json\/wp\/v2\/comments?post=8092"}],"version-history":[{"count":33,"href":"https:\/\/www.rausch-packaging.com\/blog\/de\/wp-json\/wp\/v2\/pages\/8092\/revisions"}],"predecessor-version":[{"id":8873,"href":"https:\/\/www.rausch-packaging.com\/blog\/de\/wp-json\/wp\/v2\/pages\/8092\/revisions\/8873"}],"wp:featuredmedia":[{"embeddable":true,"href":"https:\/\/www.rausch-packaging.com\/blog\/de\/wp-json\/wp\/v2\/media\/5170"}],"wp:attachment":[{"href":"https:\/\/www.rausch-packaging.com\/blog\/de\/wp-json\/wp\/v2\/media?parent=8092"}],"curies":[{"name":"wp","href":"https:\/\/api.w.org\/{rel}","templated":true}]}}